{"id":4922,"date":"2023-08-24T14:39:07","date_gmt":"2023-08-24T12:39:07","guid":{"rendered":"https:\/\/www.la-bretonniere.com\/camping-activiteiten-saint-julien-des-landes\/"},"modified":"2024-07-07T19:13:05","modified_gmt":"2024-07-07T17:13:05","slug":"camping-activiteiten-saint-julien-des-landes","status":"publish","type":"page","link":"https:\/\/www.la-bretonniere.com\/nl\/camping-activiteiten-saint-julien-des-landes\/","title":{"rendered":"Activiteiten op de camping"},"content":{"rendered":"<section id=\"ls-section-block_7c27e8f5bb61633978b7d468458bae94\" class=\"ls-section  home-first \" >\r\n        <div class=\"container container--full\">\r\n        \n\n<figure class=\"wp-block-image size-full image-1 animated fadeInLeft delay-200ms slower\"><a href=\"https:\/\/www.la-bretonniere.com\/wp-content\/uploads\/2023\/07\/aire-de-jeux-camping-la-bretonniere.jpg\"><img decoding=\"async\" width=\"750\" height=\"900\" src=\"https:\/\/www.la-bretonniere.com\/wp-content\/uploads\/2023\/07\/aire-de-jeux-camping-la-bretonniere.jpg\" alt=\"camping la bretonniere speeltuin\" class=\"wp-image-4080\" srcset=\"https:\/\/www.la-bretonniere.com\/wp-content\/uploads\/2023\/07\/aire-de-jeux-camping-la-bretonniere.jpg 750w, https:\/\/www.la-bretonniere.com\/wp-content\/uploads\/2023\/07\/aire-de-jeux-camping-la-bretonniere-250x300.jpg 250w\" sizes=\"(max-width: 750px) 100vw, 750px\" \/><\/a><\/figure>\n\n\n\n<figure class=\"wp-block-image size-full image-2 animated fadeInLeft slow\"><a href=\"https:\/\/www.la-bretonniere.com\/wp-content\/uploads\/2023\/07\/camping-aire-de-jeux-pour-enfants-vendee.jpg\"><img decoding=\"async\" width=\"750\" height=\"900\" src=\"https:\/\/www.la-bretonniere.com\/wp-content\/uploads\/2023\/07\/camping-aire-de-jeux-pour-enfants-vendee.jpg\" alt=\"camping speeltuin vendee\" class=\"wp-image-4077\" srcset=\"https:\/\/www.la-bretonniere.com\/wp-content\/uploads\/2023\/07\/camping-aire-de-jeux-pour-enfants-vendee.jpg 750w, https:\/\/www.la-bretonniere.com\/wp-content\/uploads\/2023\/07\/camping-aire-de-jeux-pour-enfants-vendee-250x300.jpg 250w\" sizes=\"(max-width: 750px) 100vw, 750px\" \/><\/a><\/figure>\n\n\n\n<h1 class=\"ls__heading wp-block-heading\">Onze camping is ideaal  <br>voor uw activiteiten in de Vend\u00e9e<\/h1>\n\n\n\n<div class=\"wp-block-columns is-layout-flex wp-container-core-columns-is-layout-9d6595d7 wp-block-columns-is-layout-flex\">\n<div class=\"wp-block-column is-layout-flow wp-block-column-is-layout-flow\">\n<h2 class=\"ls__heading wp-block-heading\"><strong>De speeltuin op de camping  <\/strong><br><strong>in Saint-Julien-des-Landes<\/strong><\/h2>\n\n\n\n<p class=\"ls-paragraph\">Natuurlijk denken we ook aan uw kinderen en hebben we ruimtes voor hen gereserveerd.<\/p>\n\n\n\n<p class=\"ls-paragraph\">De camping heeft <strong>verschillende speeltuinen <\/strong>voor de kleintjes.<\/p>\n\n\n\n<p class=\"ls-paragraph\">Glijbaan, schommel, zandbak en opblaasbare structuur.<\/p>\n<\/div>\n<\/div>\n\n\r\n    <\/div>\r\n<\/section>\n\n<section id=\"ls-section-block_62850f560c6c4dedc2331a80cdec7e00\" class=\"ls-section  home-fifth page-two\" >\r\n        <div class=\"container container--full\">\r\n        \n\n<figure class=\"wp-block-image size-large is-resized animated fadeInUp slow\"><img decoding=\"async\" width=\"1024\" height=\"427\" src=\"https:\/\/www.la-bretonniere.com\/wp-content\/uploads\/2023\/07\/camping-terrain-multisport-vendee-1024x427.webp\" alt=\"camping terrein multisport vend\u00e9e\" class=\"wp-image-4084\" style=\"width:1920px;height:800px\" srcset=\"https:\/\/www.la-bretonniere.com\/wp-content\/uploads\/2023\/07\/camping-terrain-multisport-vendee-1024x427.webp 1024w, https:\/\/www.la-bretonniere.com\/wp-content\/uploads\/2023\/07\/camping-terrain-multisport-vendee-300x125.webp 300w, https:\/\/www.la-bretonniere.com\/wp-content\/uploads\/2023\/07\/camping-terrain-multisport-vendee-768x320.webp 768w, https:\/\/www.la-bretonniere.com\/wp-content\/uploads\/2023\/07\/camping-terrain-multisport-vendee-1536x640.webp 1536w, https:\/\/www.la-bretonniere.com\/wp-content\/uploads\/2023\/07\/camping-terrain-multisport-vendee.webp 1920w\" sizes=\"(max-width: 1024px) 100vw, 1024px\" \/><\/figure>\n\n\n\n<div class=\"wp-block-columns is-layout-flex wp-container-core-columns-is-layout-9d6595d7 wp-block-columns-is-layout-flex\">\n<div class=\"wp-block-column is-layout-flow wp-block-column-is-layout-flow\">\n<h2 class=\"ls__heading wp-block-heading has-text-align-center\">Doe mee op het indoor multisportterrein in Vend\u00e9e<\/h2>\n\n\n\n<p class=\"ls-paragraph has-text-align-center\"><a href=\"https:\/\/www.la-bretonniere.com\/nl\/\">Camping Paradis La Bretonni\u00e8re in de Vend\u00e9e<\/a> is een camping met sport- en vrijetijdsactiviteiten in Saint-Julien-des-Landes.<\/p>\n\n\n\n<p class=\"ls-paragraph has-text-align-center\">Met de hulp van een <strong>begeleider<\/strong> bieden we <strong>sportactiviteiten<\/strong> aan op onze voetbalvelden, tennisbanen en beachvolleybalveld. We hebben ook een overdekt voetbal- en basketbalveld voor als het regent.<\/p>\n\n\n\n<p class=\"ls-paragraph has-text-align-center\">Voor <strong>jeu-de-boulesfans<\/strong> worden er elke week <strong>wedstrijden <\/strong>gehouden op<strong> grote velden<\/strong>. Alle benodigdheden zijn <strong>gratis <\/strong>verkrijgbaar bij de receptie: tafeltennisrackets, tennisrackets, petanqueballen.<\/p>\n\n\n\n<p class=\"ls-paragraph has-text-align-center\">In juli en augustus worden er elke week<strong> sportontmoetingen<\/strong> worden wekelijks georganiseerd in juli en augustus. Al onze activiteiten zijn gratis, behalve die buiten de camping (accrobranche, paintball, aquapark, enz.).<\/p>\n<\/div>\n<\/div>\n\n\r\n    <\/div>\r\n<\/section>\n\n<section id=\"ls-section-block_ada1366068c05cd642b0f0a372d0c561\" class=\"ls-section  home-sixth page-three\" >\r\n        <div class=\"container container--full\">\r\n        \n\n<div class=\"wp-block-columns is-layout-flex wp-container-core-columns-is-layout-9d6595d7 wp-block-columns-is-layout-flex\">\n<div class=\"wp-block-column is-vertically-aligned-center is-layout-flow wp-block-column-is-layout-flow\" style=\"flex-basis:30%\">\n<h2 class=\"ls__heading wp-block-heading has-color-3-color has-text-color\">Speelkamer voor jong en oud<\/h2>\n\n\n\n<p class=\"ls-paragraph\">Tafelvoetbal, biljart, air hockey&#8230; kom en neem het op tegen vrienden of familie in onze <strong>speelkamer<\/strong>, elke dag open voor iedereen.<\/p>\n\n\n\n<h2 class=\"ls__heading wp-block-heading has-color-3-color has-text-color\">Fitnessruimte buiten op de camping<\/h2>\n\n\n\n<p class=\"ls-paragraph\">Om in vorm te blijven kun je komen trainen in onze <strong>buitenfitnessruimte<\/strong>. Naast een speeltuin is er een reeks<strong>fitnessapparaten<\/strong> voor buiten ge\u00efnstalleerd.  <\/p>\n\n\n\n<p class=\"ls-paragraph\">Voor de moedigen is er een <strong>fitnessruimte<\/strong>.<\/p>\n<\/div>\n\n\n\n<div class=\"wp-block-column is-layout-flow wp-block-column-is-layout-flow\" style=\"flex-basis:70%\">\n<figure class=\"wp-block-gallery has-nested-images columns-default is-cropped wp-block-gallery-1 is-layout-flex wp-block-gallery-is-layout-flex\">\n<figure class=\"wp-block-image size-full animated fadeInRight slow\"><a href=\"https:\/\/www.la-bretonniere.com\/wp-content\/uploads\/2023\/07\/salle-de-jeu-camping-la-bretonniere.webp\"><img decoding=\"async\" width=\"750\" height=\"900\" data-id=\"4088\" src=\"https:\/\/www.la-bretonniere.com\/wp-content\/uploads\/2023\/07\/salle-de-jeu-camping-la-bretonniere.webp\" alt=\"speelzaal camping la bretonniere\" class=\"wp-image-4088\" srcset=\"https:\/\/www.la-bretonniere.com\/wp-content\/uploads\/2023\/07\/salle-de-jeu-camping-la-bretonniere.webp 750w, https:\/\/www.la-bretonniere.com\/wp-content\/uploads\/2023\/07\/salle-de-jeu-camping-la-bretonniere-250x300.webp 250w\" sizes=\"(max-width: 750px) 100vw, 750px\" \/><\/a><\/figure>\n\n\n\n<figure class=\"wp-block-image size-full animated fadeInRight delay-200ms slower\"><a href=\"https:\/\/www.la-bretonniere.com\/wp-content\/uploads\/2023\/07\/camping-avec-salle-de-sport.webp\"><img decoding=\"async\" width=\"750\" height=\"900\" data-id=\"4091\" src=\"https:\/\/www.la-bretonniere.com\/wp-content\/uploads\/2023\/07\/camping-avec-salle-de-sport.webp\" alt=\"camping met sporthal\" class=\"wp-image-4091\" srcset=\"https:\/\/www.la-bretonniere.com\/wp-content\/uploads\/2023\/07\/camping-avec-salle-de-sport.webp 750w, https:\/\/www.la-bretonniere.com\/wp-content\/uploads\/2023\/07\/camping-avec-salle-de-sport-250x300.webp 250w\" sizes=\"(max-width: 750px) 100vw, 750px\" \/><\/a><\/figure>\n<\/figure>\n<\/div>\n<\/div>\n\n\r\n    <\/div>\r\n<\/section>\n\n<section id=\"ls-section-block_c8978c8f066a649edad89998a03b142c\" class=\"ls-section  home-first page-one\" >\r\n        <div class=\"container container--full\">\r\n        \n\n<figure class=\"wp-block-image size-full image-1 animated fadeInLeft delay-200ms slower\"><a href=\"https:\/\/www.la-bretonniere.com\/wp-content\/uploads\/2023\/07\/peche-en-lac-camping-bretonniere-vendee.webp\"><img decoding=\"async\" width=\"750\" height=\"900\" src=\"https:\/\/www.la-bretonniere.com\/wp-content\/uploads\/2023\/07\/peche-en-lac-camping-bretonniere-vendee.webp\" alt=\"meer vissen camping bretonniere vendee\" class=\"wp-image-4099\" srcset=\"https:\/\/www.la-bretonniere.com\/wp-content\/uploads\/2023\/07\/peche-en-lac-camping-bretonniere-vendee.webp 750w, https:\/\/www.la-bretonniere.com\/wp-content\/uploads\/2023\/07\/peche-en-lac-camping-bretonniere-vendee-250x300.webp 250w\" sizes=\"(max-width: 750px) 100vw, 750px\" \/><\/a><\/figure>\n\n\n\n<figure class=\"wp-block-image size-full image-2 animated fadeInLeft slow\"><a href=\"https:\/\/www.la-bretonniere.com\/wp-content\/uploads\/2023\/07\/etang-pour-peche-camping-bretonniere-vendee.webp\"><img decoding=\"async\" width=\"750\" height=\"900\" src=\"https:\/\/www.la-bretonniere.com\/wp-content\/uploads\/2023\/07\/etang-pour-peche-camping-bretonniere-vendee.webp\" alt=\"visvijver camping bretonniere vendee\" class=\"wp-image-4102\" srcset=\"https:\/\/www.la-bretonniere.com\/wp-content\/uploads\/2023\/07\/etang-pour-peche-camping-bretonniere-vendee.webp 750w, https:\/\/www.la-bretonniere.com\/wp-content\/uploads\/2023\/07\/etang-pour-peche-camping-bretonniere-vendee-250x300.webp 250w\" sizes=\"(max-width: 750px) 100vw, 750px\" \/><\/a><\/figure>\n\n\n\n<h2 class=\"ls__heading wp-block-heading\">Visvijvers<\/h2>\n\n\n\n<div class=\"wp-block-columns is-layout-flex wp-container-core-columns-is-layout-9d6595d7 wp-block-columns-is-layout-flex\">\n<div class=\"wp-block-column is-layout-flow wp-block-column-is-layout-flow\">\n<p class=\"ls-paragraph\">Voor onze <strong>visvrienden<\/strong> hebben we <strong>2 visvijvers<\/strong>.<\/p>\n\n\n\n<p class=\"ls-paragraph\">Kom gratis vissen en beleef een geweldige tijd met familie en vrienden. Snoek, snoekbaars, karper, rotengle, zeelt, brasem of baars &#8211; de keuze is aan jou.<\/p>\n<\/div>\n<\/div>\n\n\r\n    <\/div>\r\n<\/section>\n\n<section id=\"ls-section-block_62850f560c6c4dedc2331a80cdec7e00\" class=\"ls-section  home-fifth page-two\" >\r\n        <div class=\"container container--full\">\r\n        \n\n<figure class=\"wp-block-image size-large is-resized animated fadeInUp slow\"><img decoding=\"async\" width=\"1024\" height=\"427\" src=\"https:\/\/www.la-bretonniere.com\/wp-content\/uploads\/2023\/07\/mini-ferme-camping-la-bretonniere-1024x427.jpg\" alt=\"mini boerderij camping la bretonniere\" class=\"wp-image-4095\" style=\"width:1920px;height:600px\" srcset=\"https:\/\/www.la-bretonniere.com\/wp-content\/uploads\/2023\/07\/mini-ferme-camping-la-bretonniere-1024x427.jpg 1024w, https:\/\/www.la-bretonniere.com\/wp-content\/uploads\/2023\/07\/mini-ferme-camping-la-bretonniere-300x125.jpg 300w, https:\/\/www.la-bretonniere.com\/wp-content\/uploads\/2023\/07\/mini-ferme-camping-la-bretonniere-768x320.jpg 768w, https:\/\/www.la-bretonniere.com\/wp-content\/uploads\/2023\/07\/mini-ferme-camping-la-bretonniere-1536x640.jpg 1536w, https:\/\/www.la-bretonniere.com\/wp-content\/uploads\/2023\/07\/mini-ferme-camping-la-bretonniere.jpg 1920w\" sizes=\"(max-width: 1024px) 100vw, 1024px\" \/><\/figure>\n\n\n\n<div class=\"wp-block-columns is-layout-flex wp-container-core-columns-is-layout-9d6595d7 wp-block-columns-is-layout-flex\">\n<div class=\"wp-block-column is-layout-flow wp-block-column-is-layout-flow\">\n<h2 class=\"ls__heading wp-block-heading has-text-align-center\">Onze geiten op de mini-boerderij van de camping<\/h2>\n\n\n\n<p class=\"ls-paragraph has-text-align-center\">Ontmoet onze familie van <strong>6 geiten<\/strong> die rond de vijver zwerven.<\/p>\n\n\n\n<p class=\"ls-paragraph has-text-align-center\">Kinderen kunnen elke dag om 16.30 uur onze vrienden de geiten voeren tijdens de <strong>geitensnack<\/strong> met de <strong>Pikiclub<\/strong> en al het <a href=\"https:\/\/www.la-bretonniere.com\/nl\/camping-animaties-saint-julien-des-landes\/\">vermaak voor uw kinderen op de camping<\/a>.<\/p>\n<\/div>\n<\/div>\n\n\r\n    <\/div>\r\n<\/section>\n\n<section id=\"ls-section-block_3f4fe5ca5edaabf0e3da49827c02627b\" class=\"ls-section  page-four\" >\r\n        <div class=\"container container--wide\">\r\n        \n\n<div id=\"ls-heading ls-titre-div-block_3096f8e3a0d82f3cf9183c001f5bdfd0\" class=\"ls-titre-div aligncenter h2-like\" >\n    <strong>Ontdek<\/strong> onze andere diensten<\/div>\n\n\n<div id=\"ls-maillage-block_c84cb22d705b173fdf339a4f395f2dc3\" class=\"ls-maillage cta-style-normal\" data-rows=\"3\">\n    <div class=\"wp-block-columns\"><div class=\"wp-block-column\"><div class=\"ls-cta\">\n\n<a href=\"https:\/\/www.la-bretonniere.com\/nl\/camping-familiaal-saint-julien-des-landes\/\" target=\"\" rel=\"noopener\" class=\"ls-cta__link\">\n\n\t<div class=\"ls-cta__image\"><img decoding=\"async\" src=\"https:\/\/www.la-bretonniere.com\/wp-content\/uploads\/2023\/07\/camping-familial-en-vendee.webp\" alt=\"familiecamping in vendee\"><\/div>\t<div class=\"ls-cta__title\">\n\t\t<i class=\"bretonniere-arrow\"><\/i>\n\t\tDiensten\t\t<span>+<\/span>\n\t<\/div>\n\n\t\t\n<\/a><\/div><\/div><div class=\"wp-block-column\"><div class=\"ls-cta\">\n\n<a href=\"https:\/\/www.la-bretonniere.com\/nl\/camping-vijver-chauffee-saint-julien-des-landes\/\" target=\"\" rel=\"noopener\" class=\"ls-cta__link\">\n\n\t<div class=\"ls-cta__image\"><img decoding=\"async\" src=\"https:\/\/www.la-bretonniere.com\/wp-content\/uploads\/2023\/06\/parc-aquatique-camping-paradis-la-bretonniere.webp\" alt=\"Waterpark Camping Paradis La Bretonni\u00e8re\"><\/div>\t<div class=\"ls-cta__title\">\n\t\t<i class=\"bretonniere-arrow\"><\/i>\n\t\tCamping met binnenzwembad\t\t<span>+<\/span>\n\t<\/div>\n\n\t\t\n<\/a><\/div><\/div><div class=\"wp-block-column\"><div class=\"ls-cta\">\n\n<a href=\"https:\/\/www.la-bretonniere.com\/nl\/camping-animaties-saint-julien-des-landes\/\" target=\"\" rel=\"noopener\" class=\"ls-cta__link\">\n\n\t<div class=\"ls-cta__image\"><img decoding=\"async\" src=\"https:\/\/www.la-bretonniere.com\/wp-content\/uploads\/2023\/06\/animations-paradis-des-stars-camping-paradis-la-bretonniere.webp\" alt=\"Animatie Paradis des Stars Camping Paradis La Bretonni\u00e8re\"><\/div>\t<div class=\"ls-cta__title\">\n\t\t<i class=\"bretonniere-arrow\"><\/i>\n\t\tAmusement\t\t<span>+<\/span>\n\t<\/div>\n\n\t\t\n<\/a><\/div><\/div><\/div><\/div>\n\r\n    <\/div>\r\n<\/section>","protected":false},"excerpt":{"rendered":"","protected":false},"author":1,"featured_media":4736,"parent":0,"menu_order":0,"comment_status":"closed","ping_status":"closed","template":"","meta":{"_acf_changed":false,"footnotes":""},"sujet":[],"class_list":["post-4922","page","type-page","status-publish","has-post-thumbnail","hentry"],"acf":[],"yoast_head":"<!-- This site is optimized with the Yoast SEO plugin v25.3 - https:\/\/yoast.com\/wordpress\/plugins\/seo\/ -->\n<title>Camping activiteiten Vend\u00e9e | Sportactiviteiten Saint-Julien-des-Landes<\/title>\n<meta name=\"description\" content=\"D\u00e9couvrez toutes les activit\u00e9s du camping La Bretonni\u00e8re \u00e0 Saint Julien des Landes en Vend\u00e9e : animations, soir\u00e9es...\" \/>\n<meta name=\"robots\" content=\"index, follow, max-snippet:-1, max-image-preview:large, max-video-preview:-1\" \/>\n<link rel=\"canonical\" href=\"https:\/\/www.la-bretonniere.com\/nl\/camping-activiteiten-saint-julien-des-landes\/\" \/>\n<meta property=\"og:locale\" content=\"nl_NL\" \/>\n<meta property=\"og:type\" content=\"article\" \/>\n<meta property=\"og:title\" content=\"Camping activiteiten Vend\u00e9e | Sportactiviteiten Saint-Julien-des-Landes\" \/>\n<meta property=\"og:description\" content=\"D\u00e9couvrez toutes les activit\u00e9s du camping La Bretonni\u00e8re \u00e0 Saint Julien des Landes en Vend\u00e9e : animations, soir\u00e9es...\" \/>\n<meta property=\"og:url\" content=\"https:\/\/www.la-bretonniere.com\/nl\/camping-activiteiten-saint-julien-des-landes\/\" \/>\n<meta property=\"og:site_name\" content=\"Camping La Bretonni\u00e8re\" \/>\n<meta property=\"article:modified_time\" content=\"2024-07-07T17:13:05+00:00\" \/>\n<meta property=\"og:image\" content=\"https:\/\/www.la-bretonniere.com\/wp-content\/uploads\/2023\/07\/camping-avec-activites-en-vendee_resultat.webp\" \/>\n\t<meta property=\"og:image:width\" content=\"1920\" \/>\n\t<meta property=\"og:image:height\" content=\"450\" \/>\n\t<meta property=\"og:image:type\" content=\"image\/webp\" \/>\n<meta name=\"twitter:card\" content=\"summary_large_image\" \/>\n<meta name=\"twitter:label1\" content=\"Geschatte leestijd\" \/>\n\t<meta name=\"twitter:data1\" content=\"4 minuten\" \/>\n<script type=\"application\/ld+json\" class=\"yoast-schema-graph\">{\"@context\":\"https:\/\/schema.org\",\"@graph\":[{\"@type\":\"WebPage\",\"@id\":\"https:\/\/www.la-bretonniere.com\/nl\/camping-activiteiten-saint-julien-des-landes\/\",\"url\":\"https:\/\/www.la-bretonniere.com\/nl\/camping-activiteiten-saint-julien-des-landes\/\",\"name\":\"Camping activiteiten Vend\u00e9e | Sportactiviteiten Saint-Julien-des-Landes\",\"isPartOf\":{\"@id\":\"https:\/\/www.la-bretonniere.com\/nl\/#website\"},\"primaryImageOfPage\":{\"@id\":\"https:\/\/www.la-bretonniere.com\/nl\/camping-activiteiten-saint-julien-des-landes\/#primaryimage\"},\"image\":{\"@id\":\"https:\/\/www.la-bretonniere.com\/nl\/camping-activiteiten-saint-julien-des-landes\/#primaryimage\"},\"thumbnailUrl\":\"https:\/\/www.la-bretonniere.com\/wp-content\/uploads\/2023\/07\/camping-avec-activites-en-vendee_resultat.webp\",\"datePublished\":\"2023-08-24T12:39:07+00:00\",\"dateModified\":\"2024-07-07T17:13:05+00:00\",\"description\":\"D\u00e9couvrez toutes les activit\u00e9s du camping La Bretonni\u00e8re \u00e0 Saint Julien des Landes en Vend\u00e9e : animations, soir\u00e9es...\",\"breadcrumb\":{\"@id\":\"https:\/\/www.la-bretonniere.com\/nl\/camping-activiteiten-saint-julien-des-landes\/#breadcrumb\"},\"inLanguage\":\"nl-NL\",\"potentialAction\":[{\"@type\":\"ReadAction\",\"target\":[\"https:\/\/www.la-bretonniere.com\/nl\/camping-activiteiten-saint-julien-des-landes\/\"]}]},{\"@type\":\"ImageObject\",\"inLanguage\":\"nl-NL\",\"@id\":\"https:\/\/www.la-bretonniere.com\/nl\/camping-activiteiten-saint-julien-des-landes\/#primaryimage\",\"url\":\"https:\/\/www.la-bretonniere.com\/wp-content\/uploads\/2023\/07\/camping-avec-activites-en-vendee_resultat.webp\",\"contentUrl\":\"https:\/\/www.la-bretonniere.com\/wp-content\/uploads\/2023\/07\/camping-avec-activites-en-vendee_resultat.webp\",\"width\":1920,\"height\":450,\"caption\":\"camping met activiteiten in vendee resultaat\"},{\"@type\":\"BreadcrumbList\",\"@id\":\"https:\/\/www.la-bretonniere.com\/nl\/camping-activiteiten-saint-julien-des-landes\/#breadcrumb\",\"itemListElement\":[{\"@type\":\"ListItem\",\"position\":1,\"name\":\"Camping Vend\u00e9e\",\"item\":\"https:\/\/www.la-bretonniere.com\/nl\/\"},{\"@type\":\"ListItem\",\"position\":2,\"name\":\"Animations du camping \u00e0 Saint-Julien-des-Landes\"}]},{\"@type\":\"WebSite\",\"@id\":\"https:\/\/www.la-bretonniere.com\/nl\/#website\",\"url\":\"https:\/\/www.la-bretonniere.com\/nl\/\",\"name\":\"Camping La Bretonni\u00e8re\",\"description\":\"\",\"publisher\":{\"@id\":\"https:\/\/www.la-bretonniere.com\/nl\/#organization\"},\"potentialAction\":[{\"@type\":\"SearchAction\",\"target\":{\"@type\":\"EntryPoint\",\"urlTemplate\":\"https:\/\/www.la-bretonniere.com\/nl\/?s={search_term_string}\"},\"query-input\":{\"@type\":\"PropertyValueSpecification\",\"valueRequired\":true,\"valueName\":\"search_term_string\"}}],\"inLanguage\":\"nl-NL\"},{\"@type\":\"Organization\",\"@id\":\"https:\/\/www.la-bretonniere.com\/nl\/#organization\",\"name\":\"Camping La Bretonni\u00e8re\",\"url\":\"https:\/\/www.la-bretonniere.com\/nl\/\",\"logo\":{\"@type\":\"ImageObject\",\"inLanguage\":\"nl-NL\",\"@id\":\"https:\/\/www.la-bretonniere.com\/nl\/#\/schema\/logo\/image\/\",\"url\":\"https:\/\/www.la-bretonniere.com\/wp-content\/uploads\/2023\/06\/cropped-logo-camping-paradis-la-bretonniere.webp\",\"contentUrl\":\"https:\/\/www.la-bretonniere.com\/wp-content\/uploads\/2023\/06\/cropped-logo-camping-paradis-la-bretonniere.webp\",\"width\":700,\"height\":450,\"caption\":\"Camping La Bretonni\u00e8re\"},\"image\":{\"@id\":\"https:\/\/www.la-bretonniere.com\/nl\/#\/schema\/logo\/image\/\"}}]}<\/script>\n<!-- \/ Yoast SEO plugin. -->","yoast_head_json":{"title":"Camping activiteiten Vend\u00e9e | Sportactiviteiten Saint-Julien-des-Landes","description":"D\u00e9couvrez toutes les activit\u00e9s du camping La Bretonni\u00e8re \u00e0 Saint Julien des Landes en Vend\u00e9e : animations, soir\u00e9es...","robots":{"index":"index","follow":"follow","max-snippet":"max-snippet:-1","max-image-preview":"max-image-preview:large","max-video-preview":"max-video-preview:-1"},"canonical":"https:\/\/www.la-bretonniere.com\/nl\/camping-activiteiten-saint-julien-des-landes\/","og_locale":"nl_NL","og_type":"article","og_title":"Camping activiteiten Vend\u00e9e | Sportactiviteiten Saint-Julien-des-Landes","og_description":"D\u00e9couvrez toutes les activit\u00e9s du camping La Bretonni\u00e8re \u00e0 Saint Julien des Landes en Vend\u00e9e : animations, soir\u00e9es...","og_url":"https:\/\/www.la-bretonniere.com\/nl\/camping-activiteiten-saint-julien-des-landes\/","og_site_name":"Camping La Bretonni\u00e8re","article_modified_time":"2024-07-07T17:13:05+00:00","og_image":[{"width":1920,"height":450,"url":"https:\/\/www.la-bretonniere.com\/wp-content\/uploads\/2023\/07\/camping-avec-activites-en-vendee_resultat.webp","type":"image\/webp"}],"twitter_card":"summary_large_image","twitter_misc":{"Geschatte leestijd":"4 minuten"},"schema":{"@context":"https:\/\/schema.org","@graph":[{"@type":"WebPage","@id":"https:\/\/www.la-bretonniere.com\/nl\/camping-activiteiten-saint-julien-des-landes\/","url":"https:\/\/www.la-bretonniere.com\/nl\/camping-activiteiten-saint-julien-des-landes\/","name":"Camping activiteiten Vend\u00e9e | Sportactiviteiten Saint-Julien-des-Landes","isPartOf":{"@id":"https:\/\/www.la-bretonniere.com\/nl\/#website"},"primaryImageOfPage":{"@id":"https:\/\/www.la-bretonniere.com\/nl\/camping-activiteiten-saint-julien-des-landes\/#primaryimage"},"image":{"@id":"https:\/\/www.la-bretonniere.com\/nl\/camping-activiteiten-saint-julien-des-landes\/#primaryimage"},"thumbnailUrl":"https:\/\/www.la-bretonniere.com\/wp-content\/uploads\/2023\/07\/camping-avec-activites-en-vendee_resultat.webp","datePublished":"2023-08-24T12:39:07+00:00","dateModified":"2024-07-07T17:13:05+00:00","description":"D\u00e9couvrez toutes les activit\u00e9s du camping La Bretonni\u00e8re \u00e0 Saint Julien des Landes en Vend\u00e9e : animations, soir\u00e9es...","breadcrumb":{"@id":"https:\/\/www.la-bretonniere.com\/nl\/camping-activiteiten-saint-julien-des-landes\/#breadcrumb"},"inLanguage":"nl-NL","potentialAction":[{"@type":"ReadAction","target":["https:\/\/www.la-bretonniere.com\/nl\/camping-activiteiten-saint-julien-des-landes\/"]}]},{"@type":"ImageObject","inLanguage":"nl-NL","@id":"https:\/\/www.la-bretonniere.com\/nl\/camping-activiteiten-saint-julien-des-landes\/#primaryimage","url":"https:\/\/www.la-bretonniere.com\/wp-content\/uploads\/2023\/07\/camping-avec-activites-en-vendee_resultat.webp","contentUrl":"https:\/\/www.la-bretonniere.com\/wp-content\/uploads\/2023\/07\/camping-avec-activites-en-vendee_resultat.webp","width":1920,"height":450,"caption":"camping met activiteiten in vendee resultaat"},{"@type":"BreadcrumbList","@id":"https:\/\/www.la-bretonniere.com\/nl\/camping-activiteiten-saint-julien-des-landes\/#breadcrumb","itemListElement":[{"@type":"ListItem","position":1,"name":"Camping Vend\u00e9e","item":"https:\/\/www.la-bretonniere.com\/nl\/"},{"@type":"ListItem","position":2,"name":"Animations du camping \u00e0 Saint-Julien-des-Landes"}]},{"@type":"WebSite","@id":"https:\/\/www.la-bretonniere.com\/nl\/#website","url":"https:\/\/www.la-bretonniere.com\/nl\/","name":"Camping La Bretonni\u00e8re","description":"","publisher":{"@id":"https:\/\/www.la-bretonniere.com\/nl\/#organization"},"potentialAction":[{"@type":"SearchAction","target":{"@type":"EntryPoint","urlTemplate":"https:\/\/www.la-bretonniere.com\/nl\/?s={search_term_string}"},"query-input":{"@type":"PropertyValueSpecification","valueRequired":true,"valueName":"search_term_string"}}],"inLanguage":"nl-NL"},{"@type":"Organization","@id":"https:\/\/www.la-bretonniere.com\/nl\/#organization","name":"Camping La Bretonni\u00e8re","url":"https:\/\/www.la-bretonniere.com\/nl\/","logo":{"@type":"ImageObject","inLanguage":"nl-NL","@id":"https:\/\/www.la-bretonniere.com\/nl\/#\/schema\/logo\/image\/","url":"https:\/\/www.la-bretonniere.com\/wp-content\/uploads\/2023\/06\/cropped-logo-camping-paradis-la-bretonniere.webp","contentUrl":"https:\/\/www.la-bretonniere.com\/wp-content\/uploads\/2023\/06\/cropped-logo-camping-paradis-la-bretonniere.webp","width":700,"height":450,"caption":"Camping La Bretonni\u00e8re"},"image":{"@id":"https:\/\/www.la-bretonniere.com\/nl\/#\/schema\/logo\/image\/"}}]}},"_links":{"self":[{"href":"https:\/\/www.la-bretonniere.com\/nl\/wp-json\/wp\/v2\/pages\/4922","targetHints":{"allow":["GET"]}}],"collection":[{"href":"https:\/\/www.la-bretonniere.com\/nl\/wp-json\/wp\/v2\/pages"}],"about":[{"href":"https:\/\/www.la-bretonniere.com\/nl\/wp-json\/wp\/v2\/types\/page"}],"author":[{"embeddable":true,"href":"https:\/\/www.la-bretonniere.com\/nl\/wp-json\/wp\/v2\/users\/1"}],"replies":[{"embeddable":true,"href":"https:\/\/www.la-bretonniere.com\/nl\/wp-json\/wp\/v2\/comments?post=4922"}],"version-history":[{"count":3,"href":"https:\/\/www.la-bretonniere.com\/nl\/wp-json\/wp\/v2\/pages\/4922\/revisions"}],"predecessor-version":[{"id":6525,"href":"https:\/\/www.la-bretonniere.com\/nl\/wp-json\/wp\/v2\/pages\/4922\/revisions\/6525"}],"wp:featuredmedia":[{"embeddable":true,"href":"https:\/\/www.la-bretonniere.com\/nl\/wp-json\/wp\/v2\/media\/4736"}],"wp:attachment":[{"href":"https:\/\/www.la-bretonniere.com\/nl\/wp-json\/wp\/v2\/media?parent=4922"}],"wp:term":[{"taxonomy":"sujet","embeddable":true,"href":"https:\/\/www.la-bretonniere.com\/nl\/wp-json\/wp\/v2\/sujet?post=4922"}],"curies":[{"name":"wp","href":"https:\/\/api.w.org\/{rel}","templated":true}]}}