{"id":4842,"date":"2023-08-24T14:23:43","date_gmt":"2023-08-24T12:23:43","guid":{"rendered":"https:\/\/www.la-bretonniere.com\/snack-saint-julien-des-landes\/"},"modified":"2026-04-27T18:40:49","modified_gmt":"2026-04-27T16:40:49","slug":"snack-vendee","status":"publish","type":"page","link":"https:\/\/www.la-bretonniere.com\/nl\/snack-vendee\/","title":{"rendered":"Snackbar"},"content":{"rendered":"<section id=\"ls-section-block_ac5e6c61adf0033506ffb728ac0134f4\" class=\"ls-section  home-first \" >\r\n        <div class=\"container container--full\">\r\n        \n\n<figure class=\"wp-block-image size-full image-1 animated fadeInLeft delay-200ms slower\"><a href=\"https:\/\/www.la-bretonniere.com\/wp-content\/uploads\/2023\/07\/pizza-camping-la-bretonniere-en-vendee.jpg\"><img decoding=\"async\" width=\"750\" height=\"900\" src=\"https:\/\/www.la-bretonniere.com\/wp-content\/uploads\/2023\/07\/pizza-camping-la-bretonniere-en-vendee.jpg\" alt=\"pizza camping la bretonniere en vendee\" class=\"wp-image-4141\" srcset=\"https:\/\/www.la-bretonniere.com\/wp-content\/uploads\/2023\/07\/pizza-camping-la-bretonniere-en-vendee.jpg 750w, https:\/\/www.la-bretonniere.com\/wp-content\/uploads\/2023\/07\/pizza-camping-la-bretonniere-en-vendee-250x300.jpg 250w\" sizes=\"(max-width: 750px) 100vw, 750px\" \/><\/a><\/figure>\n\n\n\n<figure class=\"wp-block-image size-full image-2 animated fadeInLeft slow\"><a href=\"https:\/\/www.la-bretonniere.com\/wp-content\/uploads\/2023\/07\/camping-avec-snack-en-vendee.jpg\"><img decoding=\"async\" width=\"750\" height=\"900\" src=\"https:\/\/www.la-bretonniere.com\/wp-content\/uploads\/2023\/07\/camping-avec-snack-en-vendee.jpg\" alt=\"camping met snackbar in vendee\" class=\"wp-image-4145\" srcset=\"https:\/\/www.la-bretonniere.com\/wp-content\/uploads\/2023\/07\/camping-avec-snack-en-vendee.jpg 750w, https:\/\/www.la-bretonniere.com\/wp-content\/uploads\/2023\/07\/camping-avec-snack-en-vendee-250x300.jpg 250w\" sizes=\"(max-width: 750px) 100vw, 750px\" \/><\/a><\/figure>\n\n\n\n<h1 class=\"ls__heading wp-block-heading\">Snackpauze in de Vend\u00e9e<\/h1>\n\n\n\n<div class=\"wp-block-columns is-layout-flex wp-container-core-columns-is-layout-9d6595d7 wp-block-columns-is-layout-flex\">\n<div class=\"wp-block-column is-layout-flow wp-block-column-is-layout-flow\">\n<h2 class=\"ls__heading wp-block-heading\">Eet een snack op<br>in Saint-Julien-des-Landes in de Vend\u00e9e<\/h2>\n\n\n\n<p class=\"ls-paragraph\">Trakteer uzelf op een <strong> smakelijkepauze<\/strong> in de <strong>snackbar<\/strong> op onze <a href=\"https:\/\/www.la-bretonniere.com\/nl\/\">camping in de Vend\u00e9e<\/a>. Of je nu het gevoel wilt hebben dat je op vakantie bent of geen tijd hebt om te koken, onze snackbar is geopend van 1 juli tot 31 augustus, van 17.30 tot 22.00 uur.<\/p>\n\n\n\n<p class=\"ls-paragraph\">Vanaf de opening tot de sluiting van de camping (van april tot half september) is er in de bar ook een snackbar met pizza\u2019s, wafels, pannenkoeken en ijs, zowel \u2019s middags als \u2019s avonds, van 12.00 tot 21.00 uur, zodat u er op elk moment even iets kunt eten.<\/p>\n\n\n\n<p class=\"ls-paragraph\">Ontdek ons menu met <strong>verschillende pizza&#8217;s<\/strong>, tapas, friet, hamburgers, salades en zelfs <strong>Nederlandse specialiteiten<\/strong> zoals de beroemde frikadel en kroketten. Maak het jezelf gemakkelijk op het <strong>openluchtterras<\/strong>, waar je van je maaltijd kunt genieten in de warme sfeer van de camping. Als je dat liever hebt, kun je <strong>je maaltijd meenemen<\/strong> en er op je kampeerplaats van genieten.<\/p>\n\n\n\n<p class=\"ls-paragraph\">En vergeet natuurlijk niet onze desserts te proberen. Trakteer jezelf op een heerlijk kopje ijs, wafels of cr\u00eapes om je zoete trek te stillen.<\/p>\n\n\n\n    <a href=\"\/wp-content\/uploads\/2023\/09\/Carte-Snack-et-Bar-2024_compressed.pdf\" id=\"ls-button-block_c36c83d241f21628d78240c0529dcf2a\" target=\"_blank\" rel=\"noopener\" class=\"ls-button\"><i class=\"bretonniere-arrow\"><\/i><span>Snack\/bar menu (zomer)<\/span><\/a>\n<\/div>\n<\/div>\n\n\r\n    <\/div>\r\n<\/section>\n\n<section id=\"ls-section-block_db5de208e81ebfc02e9e77463a2b7fb6\" class=\"ls-section  home-fifth page-two\" >\r\n        <div class=\"container container--full\">\r\n        \n\n<figure class=\"wp-block-image size-large is-resized animated fadeInUp slow\"><img decoding=\"async\" width=\"1024\" height=\"427\" src=\"https:\/\/www.la-bretonniere.com\/wp-content\/uploads\/2023\/07\/camping-familial-en-vendee-1024x427.webp\" alt=\"familiecamping in vendee\" class=\"wp-image-4137\" style=\"width:1920px;height:800px\" srcset=\"https:\/\/www.la-bretonniere.com\/wp-content\/uploads\/2023\/07\/camping-familial-en-vendee-1024x427.webp 1024w, https:\/\/www.la-bretonniere.com\/wp-content\/uploads\/2023\/07\/camping-familial-en-vendee-300x125.webp 300w, https:\/\/www.la-bretonniere.com\/wp-content\/uploads\/2023\/07\/camping-familial-en-vendee-768x320.webp 768w, https:\/\/www.la-bretonniere.com\/wp-content\/uploads\/2023\/07\/camping-familial-en-vendee-1536x640.webp 1536w, https:\/\/www.la-bretonniere.com\/wp-content\/uploads\/2023\/07\/camping-familial-en-vendee.webp 1920w\" sizes=\"(max-width: 1024px) 100vw, 1024px\" \/><\/figure>\n\n\n\n<div class=\"wp-block-columns is-layout-flex wp-container-core-columns-is-layout-9d6595d7 wp-block-columns-is-layout-flex\">\n<div class=\"wp-block-column is-layout-flow wp-block-column-is-layout-flow\">\n<h2 class=\"ls__heading wp-block-heading has-text-align-center\">Verfris jezelf aan de bar<\/h2>\n\n\n\n<p class=\"ls-paragraph has-text-align-center\">Voor verfrissingen gedurende de dag kun jeterecht in de <strong>bar van <\/strong>de camping in de Vend\u00e9e. Of je nu zin hebt in een <strong>koud drankje<\/strong> (bier, cocktails, frisdrank&#8230;) of een <strong>warm drankje <\/strong>(koffie, thee, chocolade&#8230;). En voor kinderen wachten er heerlijke ijsjes om hun zoete trek te stillen.<\/p>\n\n\n\n<p class=\"ls-paragraph has-text-align-center\">Onze bar, naast de snackbar, is de hele dag en zelfs tot &#8217;s avonds geopend, zodat je kunt genieten van een ontspannen en gezellige sfeer.  <\/p>\n\n\n\n    <a href=\"\/wp-content\/uploads\/2023\/09\/Carte-bar-point-chaud-HS-2024.pdf\" id=\"ls-button-block_c4f7c6ad15a83cda0dc370a9c4fe8586\" target=\"_blank\" rel=\"noopener\" class=\"ls-button aligncenter\"><i class=\"bretonniere-arrow\"><\/i><span>Kaart van de bar\/hotspot<\/span><\/a>\n<\/div>\n<\/div>\n\n\r\n    <\/div>\r\n<\/section>\n\n<section id=\"ls-section-block_3091472547216f5e64fa7e2ca81233d8\" class=\"ls-section  page-four\" >\r\n        <div class=\"container container--wide\">\r\n        \n\n<div id=\"ls-heading ls-titre-div-block_4745817ddb62976ce4d24bd3d71bc40c\" class=\"ls-titre-div aligncenter h2-like\" >\n    <strong>Ontdek<\/strong> onze andere diensten<\/div>\n\n\n<div id=\"ls-maillage-block_e04d0e71de61f7f4239818e254487246\" class=\"ls-maillage cta-style-normal\" data-rows=\"3\">\n    <div class=\"wp-block-columns\"><div class=\"wp-block-column\"><div class=\"ls-cta\">\n\n<a href=\"https:\/\/www.la-bretonniere.com\/nl\/camping-familiaal-saint-julien-des-landes\/\" target=\"\" rel=\"noopener\" class=\"ls-cta__link\">\n\n\t<div class=\"ls-cta__image\"><img decoding=\"async\" src=\"https:\/\/www.la-bretonniere.com\/wp-content\/uploads\/2023\/07\/camping-familial-en-vendee.webp\" alt=\"familiecamping in vendee\"><\/div>\t<div class=\"ls-cta__title\">\n\t\t<i class=\"bretonniere-arrow\"><\/i>\n\t\tDiensten\t\t<span>+<\/span>\n\t<\/div>\n\n\t\t\n<\/a><\/div><\/div><div class=\"wp-block-column\"><div class=\"ls-cta\">\n\n<a href=\"https:\/\/www.la-bretonniere.com\/nl\/camping-vijver-chauffee-saint-julien-des-landes\/\" target=\"\" rel=\"noopener\" class=\"ls-cta__link\">\n\n\t<div class=\"ls-cta__image\"><img decoding=\"async\" src=\"https:\/\/www.la-bretonniere.com\/wp-content\/uploads\/2023\/06\/parc-aquatique-camping-paradis-la-bretonniere.webp\" alt=\"Waterpark Camping Paradis La Bretonni\u00e8re\"><\/div>\t<div class=\"ls-cta__title\">\n\t\t<i class=\"bretonniere-arrow\"><\/i>\n\t\tCamping met binnenzwembad\t\t<span>+<\/span>\n\t<\/div>\n\n\t\t\n<\/a><\/div><\/div><div class=\"wp-block-column\"><div class=\"ls-cta\">\n\n<a href=\"https:\/\/www.la-bretonniere.com\/nl\/camping-animaties-saint-julien-des-landes\/\" target=\"\" rel=\"noopener\" class=\"ls-cta__link\">\n\n\t<div class=\"ls-cta__image\"><img decoding=\"async\" src=\"https:\/\/www.la-bretonniere.com\/wp-content\/uploads\/2023\/06\/animations-paradis-des-stars-camping-paradis-la-bretonniere.webp\" alt=\"Animatie Paradis des Stars Camping Paradis La Bretonni\u00e8re\"><\/div>\t<div class=\"ls-cta__title\">\n\t\t<i class=\"bretonniere-arrow\"><\/i>\n\t\tAmusement\t\t<span>+<\/span>\n\t<\/div>\n\n\t\t\n<\/a><\/div><\/div><\/div><\/div>\n\r\n    <\/div>\r\n<\/section>","protected":false},"excerpt":{"rendered":"","protected":false},"author":1,"featured_media":4135,"parent":0,"menu_order":0,"comment_status":"closed","ping_status":"closed","template":"","meta":{"_acf_changed":false,"footnotes":""},"sujet":[],"class_list":["post-4842","page","type-page","status-publish","has-post-thumbnail","hentry"],"acf":[],"yoast_head":"<!-- This site is optimized with the Yoast SEO plugin v25.3 - https:\/\/yoast.com\/wordpress\/plugins\/seo\/ -->\n<title>Catering in Vend\u00e9e | Snackbar in Saint-Julien-des-Landes<\/title>\n<meta name=\"description\" content=\"Wilt u eten op uw camping in de Vend\u00e9e? Camping La Bretonni\u00e8re in Saint Julien des Landes heeft een snackbar waar je van kunt genieten!\" \/>\n<meta name=\"robots\" content=\"index, follow, max-snippet:-1, max-image-preview:large, max-video-preview:-1\" \/>\n<link rel=\"canonical\" href=\"https:\/\/www.la-bretonniere.com\/nl\/snack-vendee\/\" \/>\n<meta property=\"og:locale\" content=\"nl_NL\" \/>\n<meta property=\"og:type\" content=\"article\" \/>\n<meta property=\"og:title\" content=\"Catering in Vend\u00e9e | Snackbar in Saint-Julien-des-Landes\" \/>\n<meta property=\"og:description\" content=\"Wilt u eten op uw camping in de Vend\u00e9e? Camping La Bretonni\u00e8re in Saint Julien des Landes heeft een snackbar waar je van kunt genieten!\" \/>\n<meta property=\"og:url\" content=\"https:\/\/www.la-bretonniere.com\/nl\/snack-vendee\/\" \/>\n<meta property=\"og:site_name\" content=\"Camping La Bretonni\u00e8re\" \/>\n<meta property=\"article:modified_time\" content=\"2026-04-27T16:40:49+00:00\" \/>\n<meta property=\"og:image\" content=\"https:\/\/www.la-bretonniere.com\/wp-content\/uploads\/2023\/07\/snackl-camping-la-bretonniere-vendee.webp\" \/>\n\t<meta property=\"og:image:width\" content=\"1920\" \/>\n\t<meta property=\"og:image:height\" content=\"450\" \/>\n\t<meta property=\"og:image:type\" content=\"image\/webp\" \/>\n<meta name=\"twitter:card\" content=\"summary_large_image\" \/>\n<meta name=\"twitter:label1\" content=\"Geschatte leestijd\" \/>\n\t<meta name=\"twitter:data1\" content=\"3 minuten\" \/>\n<script type=\"application\/ld+json\" class=\"yoast-schema-graph\">{\"@context\":\"https:\/\/schema.org\",\"@graph\":[{\"@type\":\"WebPage\",\"@id\":\"https:\/\/www.la-bretonniere.com\/nl\/snack-vendee\/\",\"url\":\"https:\/\/www.la-bretonniere.com\/nl\/snack-vendee\/\",\"name\":\"Catering in Vend\u00e9e | Snackbar in Saint-Julien-des-Landes\",\"isPartOf\":{\"@id\":\"https:\/\/www.la-bretonniere.com\/nl\/#website\"},\"primaryImageOfPage\":{\"@id\":\"https:\/\/www.la-bretonniere.com\/nl\/snack-vendee\/#primaryimage\"},\"image\":{\"@id\":\"https:\/\/www.la-bretonniere.com\/nl\/snack-vendee\/#primaryimage\"},\"thumbnailUrl\":\"https:\/\/www.la-bretonniere.com\/wp-content\/uploads\/2023\/07\/snackl-camping-la-bretonniere-vendee.webp\",\"datePublished\":\"2023-08-24T12:23:43+00:00\",\"dateModified\":\"2026-04-27T16:40:49+00:00\",\"description\":\"Wilt u eten op uw camping in de Vend\u00e9e? Camping La Bretonni\u00e8re in Saint Julien des Landes heeft een snackbar waar je van kunt genieten!\",\"breadcrumb\":{\"@id\":\"https:\/\/www.la-bretonniere.com\/nl\/snack-vendee\/#breadcrumb\"},\"inLanguage\":\"nl-NL\",\"potentialAction\":[{\"@type\":\"ReadAction\",\"target\":[\"https:\/\/www.la-bretonniere.com\/nl\/snack-vendee\/\"]}]},{\"@type\":\"ImageObject\",\"inLanguage\":\"nl-NL\",\"@id\":\"https:\/\/www.la-bretonniere.com\/nl\/snack-vendee\/#primaryimage\",\"url\":\"https:\/\/www.la-bretonniere.com\/wp-content\/uploads\/2023\/07\/snackl-camping-la-bretonniere-vendee.webp\",\"contentUrl\":\"https:\/\/www.la-bretonniere.com\/wp-content\/uploads\/2023\/07\/snackl-camping-la-bretonniere-vendee.webp\",\"width\":1920,\"height\":450,\"caption\":\"snackl camping la bretonniere vendee\"},{\"@type\":\"BreadcrumbList\",\"@id\":\"https:\/\/www.la-bretonniere.com\/nl\/snack-vendee\/#breadcrumb\",\"itemListElement\":[{\"@type\":\"ListItem\",\"position\":1,\"name\":\"Camping Vend\u00e9e\",\"item\":\"https:\/\/www.la-bretonniere.com\/nl\/\"},{\"@type\":\"ListItem\",\"position\":2,\"name\":\"Snackbar in de Vend\u00e9e\"}]},{\"@type\":\"WebSite\",\"@id\":\"https:\/\/www.la-bretonniere.com\/nl\/#website\",\"url\":\"https:\/\/www.la-bretonniere.com\/nl\/\",\"name\":\"Camping La Bretonni\u00e8re\",\"description\":\"\",\"publisher\":{\"@id\":\"https:\/\/www.la-bretonniere.com\/nl\/#organization\"},\"potentialAction\":[{\"@type\":\"SearchAction\",\"target\":{\"@type\":\"EntryPoint\",\"urlTemplate\":\"https:\/\/www.la-bretonniere.com\/nl\/?s={search_term_string}\"},\"query-input\":{\"@type\":\"PropertyValueSpecification\",\"valueRequired\":true,\"valueName\":\"search_term_string\"}}],\"inLanguage\":\"nl-NL\"},{\"@type\":\"Organization\",\"@id\":\"https:\/\/www.la-bretonniere.com\/nl\/#organization\",\"name\":\"Camping La Bretonni\u00e8re\",\"url\":\"https:\/\/www.la-bretonniere.com\/nl\/\",\"logo\":{\"@type\":\"ImageObject\",\"inLanguage\":\"nl-NL\",\"@id\":\"https:\/\/www.la-bretonniere.com\/nl\/#\/schema\/logo\/image\/\",\"url\":\"https:\/\/www.la-bretonniere.com\/wp-content\/uploads\/2023\/06\/cropped-logo-camping-paradis-la-bretonniere.webp\",\"contentUrl\":\"https:\/\/www.la-bretonniere.com\/wp-content\/uploads\/2023\/06\/cropped-logo-camping-paradis-la-bretonniere.webp\",\"width\":700,\"height\":450,\"caption\":\"Camping La Bretonni\u00e8re\"},\"image\":{\"@id\":\"https:\/\/www.la-bretonniere.com\/nl\/#\/schema\/logo\/image\/\"}}]}<\/script>\n<!-- \/ Yoast SEO plugin. -->","yoast_head_json":{"title":"Catering in Vend\u00e9e | Snackbar in Saint-Julien-des-Landes","description":"Wilt u eten op uw camping in de Vend\u00e9e? Camping La Bretonni\u00e8re in Saint Julien des Landes heeft een snackbar waar je van kunt genieten!","robots":{"index":"index","follow":"follow","max-snippet":"max-snippet:-1","max-image-preview":"max-image-preview:large","max-video-preview":"max-video-preview:-1"},"canonical":"https:\/\/www.la-bretonniere.com\/nl\/snack-vendee\/","og_locale":"nl_NL","og_type":"article","og_title":"Catering in Vend\u00e9e | Snackbar in Saint-Julien-des-Landes","og_description":"Wilt u eten op uw camping in de Vend\u00e9e? Camping La Bretonni\u00e8re in Saint Julien des Landes heeft een snackbar waar je van kunt genieten!","og_url":"https:\/\/www.la-bretonniere.com\/nl\/snack-vendee\/","og_site_name":"Camping La Bretonni\u00e8re","article_modified_time":"2026-04-27T16:40:49+00:00","og_image":[{"width":1920,"height":450,"url":"https:\/\/www.la-bretonniere.com\/wp-content\/uploads\/2023\/07\/snackl-camping-la-bretonniere-vendee.webp","type":"image\/webp"}],"twitter_card":"summary_large_image","twitter_misc":{"Geschatte leestijd":"3 minuten"},"schema":{"@context":"https:\/\/schema.org","@graph":[{"@type":"WebPage","@id":"https:\/\/www.la-bretonniere.com\/nl\/snack-vendee\/","url":"https:\/\/www.la-bretonniere.com\/nl\/snack-vendee\/","name":"Catering in Vend\u00e9e | Snackbar in Saint-Julien-des-Landes","isPartOf":{"@id":"https:\/\/www.la-bretonniere.com\/nl\/#website"},"primaryImageOfPage":{"@id":"https:\/\/www.la-bretonniere.com\/nl\/snack-vendee\/#primaryimage"},"image":{"@id":"https:\/\/www.la-bretonniere.com\/nl\/snack-vendee\/#primaryimage"},"thumbnailUrl":"https:\/\/www.la-bretonniere.com\/wp-content\/uploads\/2023\/07\/snackl-camping-la-bretonniere-vendee.webp","datePublished":"2023-08-24T12:23:43+00:00","dateModified":"2026-04-27T16:40:49+00:00","description":"Wilt u eten op uw camping in de Vend\u00e9e? Camping La Bretonni\u00e8re in Saint Julien des Landes heeft een snackbar waar je van kunt genieten!","breadcrumb":{"@id":"https:\/\/www.la-bretonniere.com\/nl\/snack-vendee\/#breadcrumb"},"inLanguage":"nl-NL","potentialAction":[{"@type":"ReadAction","target":["https:\/\/www.la-bretonniere.com\/nl\/snack-vendee\/"]}]},{"@type":"ImageObject","inLanguage":"nl-NL","@id":"https:\/\/www.la-bretonniere.com\/nl\/snack-vendee\/#primaryimage","url":"https:\/\/www.la-bretonniere.com\/wp-content\/uploads\/2023\/07\/snackl-camping-la-bretonniere-vendee.webp","contentUrl":"https:\/\/www.la-bretonniere.com\/wp-content\/uploads\/2023\/07\/snackl-camping-la-bretonniere-vendee.webp","width":1920,"height":450,"caption":"snackl camping la bretonniere vendee"},{"@type":"BreadcrumbList","@id":"https:\/\/www.la-bretonniere.com\/nl\/snack-vendee\/#breadcrumb","itemListElement":[{"@type":"ListItem","position":1,"name":"Camping Vend\u00e9e","item":"https:\/\/www.la-bretonniere.com\/nl\/"},{"@type":"ListItem","position":2,"name":"Snackbar in de Vend\u00e9e"}]},{"@type":"WebSite","@id":"https:\/\/www.la-bretonniere.com\/nl\/#website","url":"https:\/\/www.la-bretonniere.com\/nl\/","name":"Camping La Bretonni\u00e8re","description":"","publisher":{"@id":"https:\/\/www.la-bretonniere.com\/nl\/#organization"},"potentialAction":[{"@type":"SearchAction","target":{"@type":"EntryPoint","urlTemplate":"https:\/\/www.la-bretonniere.com\/nl\/?s={search_term_string}"},"query-input":{"@type":"PropertyValueSpecification","valueRequired":true,"valueName":"search_term_string"}}],"inLanguage":"nl-NL"},{"@type":"Organization","@id":"https:\/\/www.la-bretonniere.com\/nl\/#organization","name":"Camping La Bretonni\u00e8re","url":"https:\/\/www.la-bretonniere.com\/nl\/","logo":{"@type":"ImageObject","inLanguage":"nl-NL","@id":"https:\/\/www.la-bretonniere.com\/nl\/#\/schema\/logo\/image\/","url":"https:\/\/www.la-bretonniere.com\/wp-content\/uploads\/2023\/06\/cropped-logo-camping-paradis-la-bretonniere.webp","contentUrl":"https:\/\/www.la-bretonniere.com\/wp-content\/uploads\/2023\/06\/cropped-logo-camping-paradis-la-bretonniere.webp","width":700,"height":450,"caption":"Camping La Bretonni\u00e8re"},"image":{"@id":"https:\/\/www.la-bretonniere.com\/nl\/#\/schema\/logo\/image\/"}}]}},"_links":{"self":[{"href":"https:\/\/www.la-bretonniere.com\/nl\/wp-json\/wp\/v2\/pages\/4842","targetHints":{"allow":["GET"]}}],"collection":[{"href":"https:\/\/www.la-bretonniere.com\/nl\/wp-json\/wp\/v2\/pages"}],"about":[{"href":"https:\/\/www.la-bretonniere.com\/nl\/wp-json\/wp\/v2\/types\/page"}],"author":[{"embeddable":true,"href":"https:\/\/www.la-bretonniere.com\/nl\/wp-json\/wp\/v2\/users\/1"}],"replies":[{"embeddable":true,"href":"https:\/\/www.la-bretonniere.com\/nl\/wp-json\/wp\/v2\/comments?post=4842"}],"version-history":[{"count":4,"href":"https:\/\/www.la-bretonniere.com\/nl\/wp-json\/wp\/v2\/pages\/4842\/revisions"}],"predecessor-version":[{"id":7796,"href":"https:\/\/www.la-bretonniere.com\/nl\/wp-json\/wp\/v2\/pages\/4842\/revisions\/7796"}],"wp:featuredmedia":[{"embeddable":true,"href":"https:\/\/www.la-bretonniere.com\/nl\/wp-json\/wp\/v2\/media\/4135"}],"wp:attachment":[{"href":"https:\/\/www.la-bretonniere.com\/nl\/wp-json\/wp\/v2\/media?parent=4842"}],"wp:term":[{"taxonomy":"sujet","embeddable":true,"href":"https:\/\/www.la-bretonniere.com\/nl\/wp-json\/wp\/v2\/sujet?post=4842"}],"curies":[{"name":"wp","href":"https:\/\/api.w.org\/{rel}","templated":true}]}}