{"id":4898,"date":"2023-08-24T14:33:19","date_gmt":"2023-08-24T12:33:19","guid":{"rendered":"https:\/\/www.la-bretonniere.com\/camping-activities-in-saint-julien-des-landes\/"},"modified":"2024-07-07T19:11:54","modified_gmt":"2024-07-07T17:11:54","slug":"camping-activities-in-saint-julien-des-landes","status":"publish","type":"page","link":"https:\/\/www.la-bretonniere.com\/en\/camping-activities-in-saint-julien-des-landes\/","title":{"rendered":"Camping activities"},"content":{"rendered":"<section id=\"ls-section-block_c3649147d5aa20d73a4a5913edd402e8\" class=\"ls-section  home-first \" >\r\n        <div class=\"container container--full\">\r\n        \n\n<figure class=\"wp-block-image size-full image-1 animated fadeInLeft delay-200ms slower\"><a href=\"https:\/\/www.la-bretonniere.com\/wp-content\/uploads\/2023\/07\/aire-de-jeux-camping-la-bretonniere.jpg\"><img decoding=\"async\" width=\"750\" height=\"900\" src=\"https:\/\/www.la-bretonniere.com\/wp-content\/uploads\/2023\/07\/aire-de-jeux-camping-la-bretonniere.jpg\" alt=\"playground camping la bretonniere\" class=\"wp-image-4080\" srcset=\"https:\/\/www.la-bretonniere.com\/wp-content\/uploads\/2023\/07\/aire-de-jeux-camping-la-bretonniere.jpg 750w, https:\/\/www.la-bretonniere.com\/wp-content\/uploads\/2023\/07\/aire-de-jeux-camping-la-bretonniere-250x300.jpg 250w\" sizes=\"(max-width: 750px) 100vw, 750px\" \/><\/a><\/figure>\n\n\n\n<figure class=\"wp-block-image size-full image-2 animated fadeInLeft slow\"><a href=\"https:\/\/www.la-bretonniere.com\/wp-content\/uploads\/2023\/07\/camping-aire-de-jeux-pour-enfants-vendee.jpg\"><img decoding=\"async\" width=\"750\" height=\"900\" src=\"https:\/\/www.la-bretonniere.com\/wp-content\/uploads\/2023\/07\/camping-aire-de-jeux-pour-enfants-vendee.jpg\" alt=\"camping children's playground vendee\" class=\"wp-image-4077\" srcset=\"https:\/\/www.la-bretonniere.com\/wp-content\/uploads\/2023\/07\/camping-aire-de-jeux-pour-enfants-vendee.jpg 750w, https:\/\/www.la-bretonniere.com\/wp-content\/uploads\/2023\/07\/camping-aire-de-jeux-pour-enfants-vendee-250x300.jpg 250w\" sizes=\"(max-width: 750px) 100vw, 750px\" \/><\/a><\/figure>\n\n\n\n<h1 class=\"ls__heading wp-block-heading\">Our campsite is ideal  <br>for your activities in Vend\u00e9e<\/h1>\n\n\n\n<div class=\"wp-block-columns is-layout-flex wp-container-core-columns-is-layout-9d6595d7 wp-block-columns-is-layout-flex\">\n<div class=\"wp-block-column is-layout-flow wp-block-column-is-layout-flow\">\n<h2 class=\"ls__heading wp-block-heading\"><strong>The campsite playground  <\/strong><br><strong>in Saint-Julien-des-Landes<\/strong><\/h2>\n\n\n\n<p class=\"ls-paragraph\">Of course, we&#8217;ve got your children in mind, and we&#8217;ve reserved areas entirely dedicated to their entertainment.<\/p>\n\n\n\n<p class=\"ls-paragraph\">The campsite has <strong>several play areas <\/strong>for the little ones.<\/p>\n\n\n\n<p class=\"ls-paragraph\">Slide, swing, sandpit and bouncy castle.<\/p>\n<\/div>\n<\/div>\n\n\r\n    <\/div>\r\n<\/section>\n\n<section id=\"ls-section-block_1b71b1ab0b39c6320cadab1d52ae3e76\" class=\"ls-section  home-fifth page-two\" >\r\n        <div class=\"container container--full\">\r\n        \n\n<figure class=\"wp-block-image size-large is-resized animated fadeInUp slow\"><img decoding=\"async\" width=\"1024\" height=\"427\" src=\"https:\/\/www.la-bretonniere.com\/wp-content\/uploads\/2023\/07\/camping-terrain-multisport-vendee-1024x427.webp\" alt=\"camping terrain multisport vend\u00e9e\" class=\"wp-image-4084\" style=\"width:1920px;height:800px\" srcset=\"https:\/\/www.la-bretonniere.com\/wp-content\/uploads\/2023\/07\/camping-terrain-multisport-vendee-1024x427.webp 1024w, https:\/\/www.la-bretonniere.com\/wp-content\/uploads\/2023\/07\/camping-terrain-multisport-vendee-300x125.webp 300w, https:\/\/www.la-bretonniere.com\/wp-content\/uploads\/2023\/07\/camping-terrain-multisport-vendee-768x320.webp 768w, https:\/\/www.la-bretonniere.com\/wp-content\/uploads\/2023\/07\/camping-terrain-multisport-vendee-1536x640.webp 1536w, https:\/\/www.la-bretonniere.com\/wp-content\/uploads\/2023\/07\/camping-terrain-multisport-vendee.webp 1920w\" sizes=\"(max-width: 1024px) 100vw, 1024px\" \/><\/figure>\n\n\n\n<div class=\"wp-block-columns is-layout-flex wp-container-core-columns-is-layout-9d6595d7 wp-block-columns-is-layout-flex\">\n<div class=\"wp-block-column is-layout-flow wp-block-column-is-layout-flow\">\n<h2 class=\"ls__heading wp-block-heading has-text-align-center\">Compete on the covered multisports field in Vend\u00e9e<\/h2>\n\n\n\n<p class=\"ls-paragraph has-text-align-center\"><a href=\"https:\/\/www.la-bretonniere.com\/en\/\">Camping Paradis La Bretonni\u00e8re in Vend\u00e9e<\/a> is a campsite with sports and leisure activities in Saint-Julien-des-Landes.<\/p>\n\n\n\n<p class=\"ls-paragraph has-text-align-center\">With the help of a <strong>counsellor<\/strong>, we offer <strong>sporting activities<\/strong> on our football pitches, tennis courts and beach volleyball court. We also have a covered soccer and basketball pitch in case of rain.<\/p>\n\n\n\n<p class=\"ls-paragraph has-text-align-center\">For <strong>p\u00e9tanque fans<\/strong>, <strong>competitions <\/strong>are held every week on<strong> large fields<\/strong>. All equipment is available <strong>free of charge<\/strong> at reception: ping-pong rackets, tennis rackets, p\u00e9tanque balls.<\/p>\n\n\n\n<p class=\"ls-paragraph has-text-align-center\">Weekly<strong> sports competi<\/strong> tions are organized are organised weekly in July and August. All our activities are free except for those outside the campsite (climbing, paintball, aqua park, etc.).<\/p>\n<\/div>\n<\/div>\n\n\r\n    <\/div>\r\n<\/section>\n\n<section id=\"ls-section-block_1756c86cd3cb76ba0b271905fd19e764\" class=\"ls-section  home-sixth page-three\" >\r\n        <div class=\"container container--full\">\r\n        \n\n<div class=\"wp-block-columns is-layout-flex wp-container-core-columns-is-layout-9d6595d7 wp-block-columns-is-layout-flex\">\n<div class=\"wp-block-column is-vertically-aligned-center is-layout-flow wp-block-column-is-layout-flow\" style=\"flex-basis:30%\">\n<h2 class=\"ls__heading wp-block-heading has-color-3-color has-text-color\">Playroom for young and old<\/h2>\n\n\n\n<p class=\"ls-paragraph\">Table soccer, billiards, air field hockey&#8230; come and compete with friends or family in our <strong>games room<\/strong>, open to all, every day.<\/p>\n\n\n\n<h2 class=\"ls__heading wp-block-heading has-color-3-color has-text-color\">Outdoor fitness area<\/h2>\n\n\n\n<p class=\"ls-paragraph\">To keep in shape, come and work out in our outdoor <strong>fitness area<\/strong>. A set of outdoor<strong>fitness equipment<\/strong> has been installed next to a playground.  <\/p>\n\n\n\n<p class=\"ls-paragraph\">For the more courageous, a <strong>weight room<\/strong> is available.<\/p>\n<\/div>\n\n\n\n<div class=\"wp-block-column is-layout-flow wp-block-column-is-layout-flow\" style=\"flex-basis:70%\">\n<figure class=\"wp-block-gallery has-nested-images columns-default is-cropped wp-block-gallery-1 is-layout-flex wp-block-gallery-is-layout-flex\">\n<figure class=\"wp-block-image size-full animated fadeInRight slow\"><a href=\"https:\/\/www.la-bretonniere.com\/wp-content\/uploads\/2023\/07\/salle-de-jeu-camping-la-bretonniere.webp\"><img decoding=\"async\" width=\"750\" height=\"900\" data-id=\"4088\" src=\"https:\/\/www.la-bretonniere.com\/wp-content\/uploads\/2023\/07\/salle-de-jeu-camping-la-bretonniere.webp\" alt=\"game room camping la bretonniere\" class=\"wp-image-4088\" srcset=\"https:\/\/www.la-bretonniere.com\/wp-content\/uploads\/2023\/07\/salle-de-jeu-camping-la-bretonniere.webp 750w, https:\/\/www.la-bretonniere.com\/wp-content\/uploads\/2023\/07\/salle-de-jeu-camping-la-bretonniere-250x300.webp 250w\" sizes=\"(max-width: 750px) 100vw, 750px\" \/><\/a><\/figure>\n\n\n\n<figure class=\"wp-block-image size-full animated fadeInRight delay-200ms slower\"><a href=\"https:\/\/www.la-bretonniere.com\/wp-content\/uploads\/2023\/07\/camping-avec-salle-de-sport.webp\"><img decoding=\"async\" width=\"750\" height=\"900\" data-id=\"4091\" src=\"https:\/\/www.la-bretonniere.com\/wp-content\/uploads\/2023\/07\/camping-avec-salle-de-sport.webp\" alt=\"campsite with gym\" class=\"wp-image-4091\" srcset=\"https:\/\/www.la-bretonniere.com\/wp-content\/uploads\/2023\/07\/camping-avec-salle-de-sport.webp 750w, https:\/\/www.la-bretonniere.com\/wp-content\/uploads\/2023\/07\/camping-avec-salle-de-sport-250x300.webp 250w\" sizes=\"(max-width: 750px) 100vw, 750px\" \/><\/a><\/figure>\n<\/figure>\n<\/div>\n<\/div>\n\n\r\n    <\/div>\r\n<\/section>\n\n<section id=\"ls-section-block_178aef3f4bfd332c5e5a886a00359c6b\" class=\"ls-section  home-first page-one\" >\r\n        <div class=\"container container--full\">\r\n        \n\n<figure class=\"wp-block-image size-full image-1 animated fadeInLeft delay-200ms slower\"><a href=\"https:\/\/www.la-bretonniere.com\/wp-content\/uploads\/2023\/07\/peche-en-lac-camping-bretonniere-vendee.webp\"><img decoding=\"async\" width=\"750\" height=\"900\" src=\"https:\/\/www.la-bretonniere.com\/wp-content\/uploads\/2023\/07\/peche-en-lac-camping-bretonniere-vendee.webp\" alt=\"lake fishing camping bretonniere vendee\" class=\"wp-image-4099\" srcset=\"https:\/\/www.la-bretonniere.com\/wp-content\/uploads\/2023\/07\/peche-en-lac-camping-bretonniere-vendee.webp 750w, https:\/\/www.la-bretonniere.com\/wp-content\/uploads\/2023\/07\/peche-en-lac-camping-bretonniere-vendee-250x300.webp 250w\" sizes=\"(max-width: 750px) 100vw, 750px\" \/><\/a><\/figure>\n\n\n\n<figure class=\"wp-block-image size-full image-2 animated fadeInLeft slow\"><a href=\"https:\/\/www.la-bretonniere.com\/wp-content\/uploads\/2023\/07\/etang-pour-peche-camping-bretonniere-vendee.webp\"><img decoding=\"async\" width=\"750\" height=\"900\" src=\"https:\/\/www.la-bretonniere.com\/wp-content\/uploads\/2023\/07\/etang-pour-peche-camping-bretonniere-vendee.webp\" alt=\"fishing pond camping bretonniere vendee\" class=\"wp-image-4102\" srcset=\"https:\/\/www.la-bretonniere.com\/wp-content\/uploads\/2023\/07\/etang-pour-peche-camping-bretonniere-vendee.webp 750w, https:\/\/www.la-bretonniere.com\/wp-content\/uploads\/2023\/07\/etang-pour-peche-camping-bretonniere-vendee-250x300.webp 250w\" sizes=\"(max-width: 750px) 100vw, 750px\" \/><\/a><\/figure>\n\n\n\n<h2 class=\"ls__heading wp-block-heading\">Fishing ponds<\/h2>\n\n\n\n<div class=\"wp-block-columns is-layout-flex wp-container-core-columns-is-layout-9d6595d7 wp-block-columns-is-layout-flex\">\n<div class=\"wp-block-column is-layout-flow wp-block-column-is-layout-flow\">\n<p class=\"ls-paragraph\">For our <strong>fishing friends<\/strong>, we have <strong>2 fishing ponds<\/strong>.<\/p>\n\n\n\n<p class=\"ls-paragraph\">Come and fish for free and have a great time with family and friends. Pike, zander, carp, rotengle, tench, bream or even perch: the choice is yours.<\/p>\n<\/div>\n<\/div>\n\n\r\n    <\/div>\r\n<\/section>\n\n<section id=\"ls-section-block_1b71b1ab0b39c6320cadab1d52ae3e76\" class=\"ls-section  home-fifth page-two\" >\r\n        <div class=\"container container--full\">\r\n        \n\n<figure class=\"wp-block-image size-large is-resized animated fadeInUp slow\"><img decoding=\"async\" width=\"1024\" height=\"427\" src=\"https:\/\/www.la-bretonniere.com\/wp-content\/uploads\/2023\/07\/mini-ferme-camping-la-bretonniere-1024x427.jpg\" alt=\"mini farm camping la bretonniere\" class=\"wp-image-4095\" style=\"width:1920px;height:600px\" srcset=\"https:\/\/www.la-bretonniere.com\/wp-content\/uploads\/2023\/07\/mini-ferme-camping-la-bretonniere-1024x427.jpg 1024w, https:\/\/www.la-bretonniere.com\/wp-content\/uploads\/2023\/07\/mini-ferme-camping-la-bretonniere-300x125.jpg 300w, https:\/\/www.la-bretonniere.com\/wp-content\/uploads\/2023\/07\/mini-ferme-camping-la-bretonniere-768x320.jpg 768w, https:\/\/www.la-bretonniere.com\/wp-content\/uploads\/2023\/07\/mini-ferme-camping-la-bretonniere-1536x640.jpg 1536w, https:\/\/www.la-bretonniere.com\/wp-content\/uploads\/2023\/07\/mini-ferme-camping-la-bretonniere.jpg 1920w\" sizes=\"(max-width: 1024px) 100vw, 1024px\" \/><\/figure>\n\n\n\n<div class=\"wp-block-columns is-layout-flex wp-container-core-columns-is-layout-9d6595d7 wp-block-columns-is-layout-flex\">\n<div class=\"wp-block-column is-layout-flow wp-block-column-is-layout-flow\">\n<h2 class=\"ls__heading wp-block-heading has-text-align-center\">Our goats at the campsite mini-farm<\/h2>\n\n\n\n<p class=\"ls-paragraph has-text-align-center\">Meet our family of <strong>6 goats<\/strong> strolling around the pond.<\/p>\n\n\n\n<p class=\"ls-paragraph has-text-align-center\">Children will have the chance to feed our goat friends every day at 4.30pm during the <strong>goat snack<\/strong> with the <strong>Piki club<\/strong> and all its <a href=\"https:\/\/www.la-bretonniere.com\/en\/camping-entertainment-saint-julien-des-landes\/\">entertainment for your children at the campsite<\/a>.<\/p>\n<\/div>\n<\/div>\n\n\r\n    <\/div>\r\n<\/section>\n\n<section id=\"ls-section-block_d552da3c1ba89f3021d5276fe8bff843\" class=\"ls-section  page-four\" >\r\n        <div class=\"container container--wide\">\r\n        \n\n<div id=\"ls-heading ls-titre-div-block_a3b0ca0e3e36d3807d6f24c9efb4bff0\" class=\"ls-titre-div aligncenter h2-like\" >\n    <strong>Discover<\/strong> our other services<\/div>\n\n\n<div id=\"ls-maillage-block_0f33fbf800e8a8fe2eba21715898cc5a\" class=\"ls-maillage cta-style-normal\" data-rows=\"3\">\n    <div class=\"wp-block-columns\"><div class=\"wp-block-column\"><div class=\"ls-cta\">\n\n<a href=\"https:\/\/www.la-bretonniere.com\/en\/family-campsite-saint-julien-des-landes\/\" target=\"\" rel=\"noopener\" class=\"ls-cta__link\">\n\n\t<div class=\"ls-cta__image\"><img decoding=\"async\" src=\"https:\/\/www.la-bretonniere.com\/wp-content\/uploads\/2023\/07\/camping-familial-en-vendee.webp\" alt=\"family camping in vendee\"><\/div>\t<div class=\"ls-cta__title\">\n\t\t<i class=\"bretonniere-arrow\"><\/i>\n\t\tServices\t\t<span>+<\/span>\n\t<\/div>\n\n\t\t\n<\/a><\/div><\/div><div class=\"wp-block-column\"><div class=\"ls-cta\">\n\n<a href=\"https:\/\/www.la-bretonniere.com\/en\/camping-heated-swimming-pool-saint-julien-des-landes\/\" target=\"\" rel=\"noopener\" class=\"ls-cta__link\">\n\n\t<div class=\"ls-cta__image\"><img decoding=\"async\" src=\"https:\/\/www.la-bretonniere.com\/wp-content\/uploads\/2023\/06\/parc-aquatique-camping-paradis-la-bretonniere.webp\" alt=\"Water Park Camping Paradis La Bretonni\u00e8re\"><\/div>\t<div class=\"ls-cta__title\">\n\t\t<i class=\"bretonniere-arrow\"><\/i>\n\t\tSwimming pool\t\t<span>+<\/span>\n\t<\/div>\n\n\t\t\n<\/a><\/div><\/div><div class=\"wp-block-column\"><div class=\"ls-cta\">\n\n<a href=\"https:\/\/www.la-bretonniere.com\/en\/camping-entertainment-saint-julien-des-landes\/\" target=\"\" rel=\"noopener\" class=\"ls-cta__link\">\n\n\t<div class=\"ls-cta__image\"><img decoding=\"async\" src=\"https:\/\/www.la-bretonniere.com\/wp-content\/uploads\/2023\/06\/animations-paradis-des-stars-camping-paradis-la-bretonniere.webp\" alt=\"Animations Paradis des Stars Camping Paradis La Bretonni\u00e8re\"><\/div>\t<div class=\"ls-cta__title\">\n\t\t<i class=\"bretonniere-arrow\"><\/i>\n\t\tEntertainment\t\t<span>+<\/span>\n\t<\/div>\n\n\t\t\n<\/a><\/div><\/div><\/div><\/div>\n\r\n    <\/div>\r\n<\/section>","protected":false},"excerpt":{"rendered":"","protected":false},"author":1,"featured_media":4737,"parent":0,"menu_order":0,"comment_status":"closed","ping_status":"closed","template":"","meta":{"_acf_changed":false,"footnotes":""},"sujet":[],"class_list":["post-4898","page","type-page","status-publish","has-post-thumbnail","hentry"],"acf":[],"yoast_head":"<!-- This site is optimized with the Yoast SEO plugin v25.3 - https:\/\/yoast.com\/wordpress\/plugins\/seo\/ -->\n<title>Camping activities Vend\u00e9e | Sports activities Saint-Julien-des-Landes<\/title>\n<meta name=\"description\" content=\"D\u00e9couvrez toutes les activit\u00e9s du camping La Bretonni\u00e8re \u00e0 Saint Julien des Landes en Vend\u00e9e : animations, soir\u00e9es...\" \/>\n<meta name=\"robots\" content=\"index, follow, max-snippet:-1, max-image-preview:large, max-video-preview:-1\" \/>\n<link rel=\"canonical\" href=\"https:\/\/www.la-bretonniere.com\/en\/camping-activities-in-saint-julien-des-landes\/\" \/>\n<meta property=\"og:locale\" content=\"en_US\" \/>\n<meta property=\"og:type\" content=\"article\" \/>\n<meta property=\"og:title\" content=\"Camping activities Vend\u00e9e | Sports activities Saint-Julien-des-Landes\" \/>\n<meta property=\"og:description\" content=\"D\u00e9couvrez toutes les activit\u00e9s du camping La Bretonni\u00e8re \u00e0 Saint Julien des Landes en Vend\u00e9e : animations, soir\u00e9es...\" \/>\n<meta property=\"og:url\" content=\"https:\/\/www.la-bretonniere.com\/en\/camping-activities-in-saint-julien-des-landes\/\" \/>\n<meta property=\"og:site_name\" content=\"Camping La Bretonni\u00e8re\" \/>\n<meta property=\"article:modified_time\" content=\"2024-07-07T17:11:54+00:00\" \/>\n<meta property=\"og:image\" content=\"https:\/\/www.la-bretonniere.com\/wp-content\/uploads\/2023\/07\/camping-avec-activites-en-vendee_resultat.webp\" \/>\n\t<meta property=\"og:image:width\" content=\"1920\" \/>\n\t<meta property=\"og:image:height\" content=\"450\" \/>\n\t<meta property=\"og:image:type\" content=\"image\/webp\" \/>\n<meta name=\"twitter:card\" content=\"summary_large_image\" \/>\n<meta name=\"twitter:label1\" content=\"Est. reading time\" \/>\n\t<meta name=\"twitter:data1\" content=\"4 minutes\" \/>\n<script type=\"application\/ld+json\" class=\"yoast-schema-graph\">{\"@context\":\"https:\/\/schema.org\",\"@graph\":[{\"@type\":\"WebPage\",\"@id\":\"https:\/\/www.la-bretonniere.com\/en\/camping-activities-in-saint-julien-des-landes\/\",\"url\":\"https:\/\/www.la-bretonniere.com\/en\/camping-activities-in-saint-julien-des-landes\/\",\"name\":\"Camping activities Vend\u00e9e | Sports activities Saint-Julien-des-Landes\",\"isPartOf\":{\"@id\":\"https:\/\/www.la-bretonniere.com\/en\/#website\"},\"primaryImageOfPage\":{\"@id\":\"https:\/\/www.la-bretonniere.com\/en\/camping-activities-in-saint-julien-des-landes\/#primaryimage\"},\"image\":{\"@id\":\"https:\/\/www.la-bretonniere.com\/en\/camping-activities-in-saint-julien-des-landes\/#primaryimage\"},\"thumbnailUrl\":\"https:\/\/www.la-bretonniere.com\/wp-content\/uploads\/2023\/07\/camping-avec-activites-en-vendee_resultat.webp\",\"datePublished\":\"2023-08-24T12:33:19+00:00\",\"dateModified\":\"2024-07-07T17:11:54+00:00\",\"description\":\"D\u00e9couvrez toutes les activit\u00e9s du camping La Bretonni\u00e8re \u00e0 Saint Julien des Landes en Vend\u00e9e : animations, soir\u00e9es...\",\"breadcrumb\":{\"@id\":\"https:\/\/www.la-bretonniere.com\/en\/camping-activities-in-saint-julien-des-landes\/#breadcrumb\"},\"inLanguage\":\"en-US\",\"potentialAction\":[{\"@type\":\"ReadAction\",\"target\":[\"https:\/\/www.la-bretonniere.com\/en\/camping-activities-in-saint-julien-des-landes\/\"]}]},{\"@type\":\"ImageObject\",\"inLanguage\":\"en-US\",\"@id\":\"https:\/\/www.la-bretonniere.com\/en\/camping-activities-in-saint-julien-des-landes\/#primaryimage\",\"url\":\"https:\/\/www.la-bretonniere.com\/wp-content\/uploads\/2023\/07\/camping-avec-activites-en-vendee_resultat.webp\",\"contentUrl\":\"https:\/\/www.la-bretonniere.com\/wp-content\/uploads\/2023\/07\/camping-avec-activites-en-vendee_resultat.webp\",\"width\":1920,\"height\":450,\"caption\":\"camping with activities in vendee results\"},{\"@type\":\"BreadcrumbList\",\"@id\":\"https:\/\/www.la-bretonniere.com\/en\/camping-activities-in-saint-julien-des-landes\/#breadcrumb\",\"itemListElement\":[{\"@type\":\"ListItem\",\"position\":1,\"name\":\"Camping Vend\u00e9e\",\"item\":\"https:\/\/www.la-bretonniere.com\/en\/\"},{\"@type\":\"ListItem\",\"position\":2,\"name\":\"Animations du camping \u00e0 Saint-Julien-des-Landes\"}]},{\"@type\":\"WebSite\",\"@id\":\"https:\/\/www.la-bretonniere.com\/en\/#website\",\"url\":\"https:\/\/www.la-bretonniere.com\/en\/\",\"name\":\"Camping La Bretonni\u00e8re\",\"description\":\"\",\"publisher\":{\"@id\":\"https:\/\/www.la-bretonniere.com\/en\/#organization\"},\"potentialAction\":[{\"@type\":\"SearchAction\",\"target\":{\"@type\":\"EntryPoint\",\"urlTemplate\":\"https:\/\/www.la-bretonniere.com\/en\/?s={search_term_string}\"},\"query-input\":{\"@type\":\"PropertyValueSpecification\",\"valueRequired\":true,\"valueName\":\"search_term_string\"}}],\"inLanguage\":\"en-US\"},{\"@type\":\"Organization\",\"@id\":\"https:\/\/www.la-bretonniere.com\/en\/#organization\",\"name\":\"Camping La Bretonni\u00e8re\",\"url\":\"https:\/\/www.la-bretonniere.com\/en\/\",\"logo\":{\"@type\":\"ImageObject\",\"inLanguage\":\"en-US\",\"@id\":\"https:\/\/www.la-bretonniere.com\/en\/#\/schema\/logo\/image\/\",\"url\":\"https:\/\/www.la-bretonniere.com\/wp-content\/uploads\/2023\/06\/cropped-logo-camping-paradis-la-bretonniere.webp\",\"contentUrl\":\"https:\/\/www.la-bretonniere.com\/wp-content\/uploads\/2023\/06\/cropped-logo-camping-paradis-la-bretonniere.webp\",\"width\":700,\"height\":450,\"caption\":\"Camping La Bretonni\u00e8re\"},\"image\":{\"@id\":\"https:\/\/www.la-bretonniere.com\/en\/#\/schema\/logo\/image\/\"}}]}<\/script>\n<!-- \/ Yoast SEO plugin. -->","yoast_head_json":{"title":"Camping activities Vend\u00e9e | Sports activities Saint-Julien-des-Landes","description":"D\u00e9couvrez toutes les activit\u00e9s du camping La Bretonni\u00e8re \u00e0 Saint Julien des Landes en Vend\u00e9e : animations, soir\u00e9es...","robots":{"index":"index","follow":"follow","max-snippet":"max-snippet:-1","max-image-preview":"max-image-preview:large","max-video-preview":"max-video-preview:-1"},"canonical":"https:\/\/www.la-bretonniere.com\/en\/camping-activities-in-saint-julien-des-landes\/","og_locale":"en_US","og_type":"article","og_title":"Camping activities Vend\u00e9e | Sports activities Saint-Julien-des-Landes","og_description":"D\u00e9couvrez toutes les activit\u00e9s du camping La Bretonni\u00e8re \u00e0 Saint Julien des Landes en Vend\u00e9e : animations, soir\u00e9es...","og_url":"https:\/\/www.la-bretonniere.com\/en\/camping-activities-in-saint-julien-des-landes\/","og_site_name":"Camping La Bretonni\u00e8re","article_modified_time":"2024-07-07T17:11:54+00:00","og_image":[{"width":1920,"height":450,"url":"https:\/\/www.la-bretonniere.com\/wp-content\/uploads\/2023\/07\/camping-avec-activites-en-vendee_resultat.webp","type":"image\/webp"}],"twitter_card":"summary_large_image","twitter_misc":{"Est. reading time":"4 minutes"},"schema":{"@context":"https:\/\/schema.org","@graph":[{"@type":"WebPage","@id":"https:\/\/www.la-bretonniere.com\/en\/camping-activities-in-saint-julien-des-landes\/","url":"https:\/\/www.la-bretonniere.com\/en\/camping-activities-in-saint-julien-des-landes\/","name":"Camping activities Vend\u00e9e | Sports activities Saint-Julien-des-Landes","isPartOf":{"@id":"https:\/\/www.la-bretonniere.com\/en\/#website"},"primaryImageOfPage":{"@id":"https:\/\/www.la-bretonniere.com\/en\/camping-activities-in-saint-julien-des-landes\/#primaryimage"},"image":{"@id":"https:\/\/www.la-bretonniere.com\/en\/camping-activities-in-saint-julien-des-landes\/#primaryimage"},"thumbnailUrl":"https:\/\/www.la-bretonniere.com\/wp-content\/uploads\/2023\/07\/camping-avec-activites-en-vendee_resultat.webp","datePublished":"2023-08-24T12:33:19+00:00","dateModified":"2024-07-07T17:11:54+00:00","description":"D\u00e9couvrez toutes les activit\u00e9s du camping La Bretonni\u00e8re \u00e0 Saint Julien des Landes en Vend\u00e9e : animations, soir\u00e9es...","breadcrumb":{"@id":"https:\/\/www.la-bretonniere.com\/en\/camping-activities-in-saint-julien-des-landes\/#breadcrumb"},"inLanguage":"en-US","potentialAction":[{"@type":"ReadAction","target":["https:\/\/www.la-bretonniere.com\/en\/camping-activities-in-saint-julien-des-landes\/"]}]},{"@type":"ImageObject","inLanguage":"en-US","@id":"https:\/\/www.la-bretonniere.com\/en\/camping-activities-in-saint-julien-des-landes\/#primaryimage","url":"https:\/\/www.la-bretonniere.com\/wp-content\/uploads\/2023\/07\/camping-avec-activites-en-vendee_resultat.webp","contentUrl":"https:\/\/www.la-bretonniere.com\/wp-content\/uploads\/2023\/07\/camping-avec-activites-en-vendee_resultat.webp","width":1920,"height":450,"caption":"camping with activities in vendee results"},{"@type":"BreadcrumbList","@id":"https:\/\/www.la-bretonniere.com\/en\/camping-activities-in-saint-julien-des-landes\/#breadcrumb","itemListElement":[{"@type":"ListItem","position":1,"name":"Camping Vend\u00e9e","item":"https:\/\/www.la-bretonniere.com\/en\/"},{"@type":"ListItem","position":2,"name":"Animations du camping \u00e0 Saint-Julien-des-Landes"}]},{"@type":"WebSite","@id":"https:\/\/www.la-bretonniere.com\/en\/#website","url":"https:\/\/www.la-bretonniere.com\/en\/","name":"Camping La Bretonni\u00e8re","description":"","publisher":{"@id":"https:\/\/www.la-bretonniere.com\/en\/#organization"},"potentialAction":[{"@type":"SearchAction","target":{"@type":"EntryPoint","urlTemplate":"https:\/\/www.la-bretonniere.com\/en\/?s={search_term_string}"},"query-input":{"@type":"PropertyValueSpecification","valueRequired":true,"valueName":"search_term_string"}}],"inLanguage":"en-US"},{"@type":"Organization","@id":"https:\/\/www.la-bretonniere.com\/en\/#organization","name":"Camping La Bretonni\u00e8re","url":"https:\/\/www.la-bretonniere.com\/en\/","logo":{"@type":"ImageObject","inLanguage":"en-US","@id":"https:\/\/www.la-bretonniere.com\/en\/#\/schema\/logo\/image\/","url":"https:\/\/www.la-bretonniere.com\/wp-content\/uploads\/2023\/06\/cropped-logo-camping-paradis-la-bretonniere.webp","contentUrl":"https:\/\/www.la-bretonniere.com\/wp-content\/uploads\/2023\/06\/cropped-logo-camping-paradis-la-bretonniere.webp","width":700,"height":450,"caption":"Camping La Bretonni\u00e8re"},"image":{"@id":"https:\/\/www.la-bretonniere.com\/en\/#\/schema\/logo\/image\/"}}]}},"_links":{"self":[{"href":"https:\/\/www.la-bretonniere.com\/en\/wp-json\/wp\/v2\/pages\/4898","targetHints":{"allow":["GET"]}}],"collection":[{"href":"https:\/\/www.la-bretonniere.com\/en\/wp-json\/wp\/v2\/pages"}],"about":[{"href":"https:\/\/www.la-bretonniere.com\/en\/wp-json\/wp\/v2\/types\/page"}],"author":[{"embeddable":true,"href":"https:\/\/www.la-bretonniere.com\/en\/wp-json\/wp\/v2\/users\/1"}],"replies":[{"embeddable":true,"href":"https:\/\/www.la-bretonniere.com\/en\/wp-json\/wp\/v2\/comments?post=4898"}],"version-history":[{"count":5,"href":"https:\/\/www.la-bretonniere.com\/en\/wp-json\/wp\/v2\/pages\/4898\/revisions"}],"predecessor-version":[{"id":6523,"href":"https:\/\/www.la-bretonniere.com\/en\/wp-json\/wp\/v2\/pages\/4898\/revisions\/6523"}],"wp:featuredmedia":[{"embeddable":true,"href":"https:\/\/www.la-bretonniere.com\/en\/wp-json\/wp\/v2\/media\/4737"}],"wp:attachment":[{"href":"https:\/\/www.la-bretonniere.com\/en\/wp-json\/wp\/v2\/media?parent=4898"}],"wp:term":[{"taxonomy":"sujet","embeddable":true,"href":"https:\/\/www.la-bretonniere.com\/en\/wp-json\/wp\/v2\/sujet?post=4898"}],"curies":[{"name":"wp","href":"https:\/\/api.w.org\/{rel}","templated":true}]}}