{"id":4858,"date":"2023-08-24T14:26:20","date_gmt":"2023-08-24T12:26:20","guid":{"rendered":"https:\/\/www.la-bretonniere.com\/catering-saint-julien-des-landes\/"},"modified":"2025-04-09T09:18:14","modified_gmt":"2025-04-09T07:18:14","slug":"snack-vendee","status":"publish","type":"page","link":"https:\/\/www.la-bretonniere.com\/en\/snack-vendee\/","title":{"rendered":"Snack Bar"},"content":{"rendered":"<section id=\"ls-section-block_709401214081449d223f33049cc394ed\" class=\"ls-section  home-first \" >\r\n        <div class=\"container container--full\">\r\n        \n\n<figure class=\"wp-block-image size-full image-1 animated fadeInLeft delay-200ms slower\"><a href=\"https:\/\/www.la-bretonniere.com\/wp-content\/uploads\/2023\/07\/pizza-camping-la-bretonniere-en-vendee.jpg\"><img decoding=\"async\" width=\"750\" height=\"900\" src=\"https:\/\/www.la-bretonniere.com\/wp-content\/uploads\/2023\/07\/pizza-camping-la-bretonniere-en-vendee.jpg\" alt=\"pizza camping la bretonniere en vendee\" class=\"wp-image-4141\" srcset=\"https:\/\/www.la-bretonniere.com\/wp-content\/uploads\/2023\/07\/pizza-camping-la-bretonniere-en-vendee.jpg 750w, https:\/\/www.la-bretonniere.com\/wp-content\/uploads\/2023\/07\/pizza-camping-la-bretonniere-en-vendee-250x300.jpg 250w\" sizes=\"(max-width: 750px) 100vw, 750px\" \/><\/a><\/figure>\n\n\n\n<figure class=\"wp-block-image size-full image-2 animated fadeInLeft slow\"><a href=\"https:\/\/www.la-bretonniere.com\/wp-content\/uploads\/2023\/07\/camping-avec-snack-en-vendee.jpg\"><img decoding=\"async\" width=\"750\" height=\"900\" src=\"https:\/\/www.la-bretonniere.com\/wp-content\/uploads\/2023\/07\/camping-avec-snack-en-vendee.jpg\" alt=\"camping with snack bar in vendee\" class=\"wp-image-4145\" srcset=\"https:\/\/www.la-bretonniere.com\/wp-content\/uploads\/2023\/07\/camping-avec-snack-en-vendee.jpg 750w, https:\/\/www.la-bretonniere.com\/wp-content\/uploads\/2023\/07\/camping-avec-snack-en-vendee-250x300.jpg 250w\" sizes=\"(max-width: 750px) 100vw, 750px\" \/><\/a><\/figure>\n\n\n\n<h1 class=\"ls__heading wp-block-heading\">Snack break in Vend\u00e9e<\/h1>\n\n\n\n<div class=\"wp-block-columns is-layout-flex wp-container-core-columns-is-layout-9d6595d7 wp-block-columns-is-layout-flex\">\n<div class=\"wp-block-column is-layout-flow wp-block-column-is-layout-flow\">\n<h2 class=\"ls__heading wp-block-heading\">Have a snack at<br\/>in Saint-Julien-des-Landes in the Vend\u00e9e<\/h2>\n\n\n\n<p class=\"ls-paragraph\">Treat yourself to a <strong> gourmet break<\/strong> at <strong>the snack bar<\/strong> on our <a href=\"https:\/\/www.la-bretonniere.com\/en\/\">campsite in the Vend\u00e9e<\/a>. Whether you want to feel like you&#8217;re on vacation or just don&#8217;t have time to cook, our snack bar is open from July 1 to August 31, from 5.30pm to 10pm.<\/p>\n\n\n\n<p class=\"ls-paragraph\">Discover our menu featuring a <strong>variety of pizzas<\/strong>, tapas, chips, burgers, salads and even <strong>Dutch specialities<\/strong> such as the famous frikadel and krokets. Make yourself comfortable on the open-air <strong>terrace<\/strong>, where you can enjoy your meal in the warm atmosphere of the campsite. If you prefer, you can <strong>take your meal with you<\/strong> and enjoy it on your pitch.<\/p>\n\n\n\n<p class=\"ls-paragraph\">And of course, don&#8217;t miss our desserts. Treat yourself to a gourmet bowl of ice cream, waffles or cr\u00eapes, all to satisfy your sweet tooth.<\/p>\n\n\n\n    <a href=\"\/wp-content\/uploads\/2023\/09\/Carte-Snack-et-Bar-2024_compressed.pdf\" id=\"ls-button-block_4ddc1e2b3f8721622c83eda0411a7485\" target=\"_blank\" rel=\"noopener\" class=\"ls-button\"><i class=\"bretonniere-arrow\"><\/i><span>Snack\/bar menu (summer)<\/span><\/a>\n<\/div>\n<\/div>\n\n\r\n    <\/div>\r\n<\/section><section id=\"ls-section-block_4f3cc1913c212c9b8f6cadc143e24953\" class=\"ls-section  home-fifth page-two\" >\r\n        <div class=\"container container--full\">\r\n        \n\n<figure class=\"wp-block-image size-large is-resized animated fadeInUp slow\"><img decoding=\"async\" width=\"1024\" height=\"427\" src=\"https:\/\/www.la-bretonniere.com\/wp-content\/uploads\/2023\/07\/camping-familial-en-vendee-1024x427.webp\" alt=\"family camping in vendee\" class=\"wp-image-4137\" style=\"width:1920px;height:800px\" srcset=\"https:\/\/www.la-bretonniere.com\/wp-content\/uploads\/2023\/07\/camping-familial-en-vendee-1024x427.webp 1024w, https:\/\/www.la-bretonniere.com\/wp-content\/uploads\/2023\/07\/camping-familial-en-vendee-300x125.webp 300w, https:\/\/www.la-bretonniere.com\/wp-content\/uploads\/2023\/07\/camping-familial-en-vendee-768x320.webp 768w, https:\/\/www.la-bretonniere.com\/wp-content\/uploads\/2023\/07\/camping-familial-en-vendee-1536x640.webp 1536w, https:\/\/www.la-bretonniere.com\/wp-content\/uploads\/2023\/07\/camping-familial-en-vendee.webp 1920w\" sizes=\"(max-width: 1024px) 100vw, 1024px\" \/><\/figure>\n\n\n\n<div class=\"wp-block-columns is-layout-flex wp-container-core-columns-is-layout-9d6595d7 wp-block-columns-is-layout-flex\">\n<div class=\"wp-block-column is-layout-flow wp-block-column-is-layout-flow\">\n<h2 class=\"ls__heading wp-block-heading has-text-align-center\">Refresh at the bar<\/h2>\n\n\n\n<p class=\"ls-paragraph has-text-align-center\">For refreshments throughout the day,visit thecampsite <strong>bar <\/strong> in the Vend\u00e9e. Whether you fancy a <strong>cold drink<\/strong> (beer, cocktails, soft drinks&#8230;) or a <strong>hot one <\/strong>(coffee, tea, chocolate&#8230;). And for the kids, delicious ice creams await to satisfy their sweet tooth.<\/p>\n\n\n\n<p class=\"ls-paragraph has-text-align-center\">Our bar, located next to the snack bar, is open all day and even into the evening, so you can enjoy moments of relaxation and conviviality.  <\/p>\n\n\n\n    <a href=\"\/wp-content\/uploads\/2023\/09\/Carte-bar-point-chaud-HS-2024.pdf\" id=\"ls-button-block_43ff1a26c5f8e98134770fbb992504e0\" target=\"_blank\" rel=\"noopener\" class=\"ls-button aligncenter\"><i class=\"bretonniere-arrow\"><\/i><span>Map of the bar\/hot spot<\/span><\/a>\n<\/div>\n<\/div>\n\n\r\n    <\/div>\r\n<\/section><section id=\"ls-section-block_138d6c6ee4e7d8a997051304c9edc77d\" class=\"ls-section  page-four\" >\r\n        <div class=\"container container--wide\">\r\n        \n\n<div id=\"ls-heading ls-titre-div-block_11e3afdcf6813e780971ab9ff84c66aa\" class=\"ls-titre-div aligncenter h2-like\" >\n    <strong>Discover<\/strong> our other services<\/div>\n\n\n<div id=\"ls-maillage-block_9e3cbf0e823ea25373ce673e8217b024\" class=\"ls-maillage cta-style-normal\" data-rows=\"3\">\n    <div class=\"wp-block-columns\"><div class=\"wp-block-column\"><div class=\"ls-cta\">\n\n<a href=\"https:\/\/www.la-bretonniere.com\/en\/family-campsite-saint-julien-des-landes\/\" target=\"\" rel=\"noopener\" class=\"ls-cta__link\">\n\n\t<div class=\"ls-cta__image\"><img decoding=\"async\" src=\"https:\/\/www.la-bretonniere.com\/wp-content\/uploads\/2023\/07\/camping-familial-en-vendee.webp\" alt=\"family camping in vendee\"><\/div>\t<div class=\"ls-cta__title\">\n\t\t<i class=\"bretonniere-arrow\"><\/i>\n\t\tServices\t\t<span>+<\/span>\n\t<\/div>\n\n\t\t\n<\/a><\/div><\/div><div class=\"wp-block-column\"><div class=\"ls-cta\">\n\n<a href=\"https:\/\/www.la-bretonniere.com\/en\/camping-heated-swimming-pool-saint-julien-des-landes\/\" target=\"\" rel=\"noopener\" class=\"ls-cta__link\">\n\n\t<div class=\"ls-cta__image\"><img decoding=\"async\" src=\"https:\/\/www.la-bretonniere.com\/wp-content\/uploads\/2023\/06\/parc-aquatique-camping-paradis-la-bretonniere.webp\" alt=\"Water Park Camping Paradis La Bretonni\u00e8re\"><\/div>\t<div class=\"ls-cta__title\">\n\t\t<i class=\"bretonniere-arrow\"><\/i>\n\t\tSwimming pool\t\t<span>+<\/span>\n\t<\/div>\n\n\t\t\n<\/a><\/div><\/div><div class=\"wp-block-column\"><div class=\"ls-cta\">\n\n<a href=\"https:\/\/www.la-bretonniere.com\/en\/camping-entertainment-saint-julien-des-landes\/\" target=\"\" rel=\"noopener\" class=\"ls-cta__link\">\n\n\t<div class=\"ls-cta__image\"><img decoding=\"async\" src=\"https:\/\/www.la-bretonniere.com\/wp-content\/uploads\/2023\/06\/animations-paradis-des-stars-camping-paradis-la-bretonniere.webp\" alt=\"Animations Paradis des Stars Camping Paradis La Bretonni\u00e8re\"><\/div>\t<div class=\"ls-cta__title\">\n\t\t<i class=\"bretonniere-arrow\"><\/i>\n\t\tEntertainment\t\t<span>+<\/span>\n\t<\/div>\n\n\t\t\n<\/a><\/div><\/div><\/div><\/div>\n\r\n    <\/div>\r\n<\/section>","protected":false},"excerpt":{"rendered":"","protected":false},"author":1,"featured_media":4136,"parent":0,"menu_order":0,"comment_status":"closed","ping_status":"closed","template":"","meta":{"_acf_changed":false,"footnotes":""},"sujet":[],"class_list":["post-4858","page","type-page","status-publish","has-post-thumbnail","hentry"],"acf":[],"yoast_head":"<!-- This site is optimized with the Yoast SEO plugin v25.3 - https:\/\/yoast.com\/wordpress\/plugins\/seo\/ -->\n<title>Catering in Vend\u00e9e | Snack bar in Saint-Julien-des-Landes<\/title>\n<meta name=\"description\" content=\"Would you like to eat at your campsite in the Vend\u00e9e? La Bretonni\u00e8re campsite in Saint Julien des Landes has a snack bar for you to enjoy!\" \/>\n<meta name=\"robots\" content=\"index, follow, max-snippet:-1, max-image-preview:large, max-video-preview:-1\" \/>\n<link rel=\"canonical\" href=\"https:\/\/www.la-bretonniere.com\/en\/snack-vendee\/\" \/>\n<meta property=\"og:locale\" content=\"en_US\" \/>\n<meta property=\"og:type\" content=\"article\" \/>\n<meta property=\"og:title\" content=\"Catering in Vend\u00e9e | Snack bar in Saint-Julien-des-Landes\" \/>\n<meta property=\"og:description\" content=\"Would you like to eat at your campsite in the Vend\u00e9e? La Bretonni\u00e8re campsite in Saint Julien des Landes has a snack bar for you to enjoy!\" \/>\n<meta property=\"og:url\" content=\"https:\/\/www.la-bretonniere.com\/en\/snack-vendee\/\" \/>\n<meta property=\"og:site_name\" content=\"Camping La Bretonni\u00e8re\" \/>\n<meta property=\"article:modified_time\" content=\"2025-04-09T07:18:14+00:00\" \/>\n<meta property=\"og:image\" content=\"https:\/\/www.la-bretonniere.com\/wp-content\/uploads\/2023\/07\/snackl-camping-la-bretonniere-vendee.webp\" \/>\n\t<meta property=\"og:image:width\" content=\"1920\" \/>\n\t<meta property=\"og:image:height\" content=\"450\" \/>\n\t<meta property=\"og:image:type\" content=\"image\/webp\" \/>\n<meta name=\"twitter:card\" content=\"summary_large_image\" \/>\n<meta name=\"twitter:label1\" content=\"Est. reading time\" \/>\n\t<meta name=\"twitter:data1\" content=\"1 minute\" \/>\n<script type=\"application\/ld+json\" class=\"yoast-schema-graph\">{\"@context\":\"https:\/\/schema.org\",\"@graph\":[{\"@type\":\"WebPage\",\"@id\":\"https:\/\/www.la-bretonniere.com\/en\/snack-vendee\/\",\"url\":\"https:\/\/www.la-bretonniere.com\/en\/snack-vendee\/\",\"name\":\"Catering in Vend\u00e9e | Snack bar in Saint-Julien-des-Landes\",\"isPartOf\":{\"@id\":\"https:\/\/www.la-bretonniere.com\/en\/#website\"},\"primaryImageOfPage\":{\"@id\":\"https:\/\/www.la-bretonniere.com\/en\/snack-vendee\/#primaryimage\"},\"image\":{\"@id\":\"https:\/\/www.la-bretonniere.com\/en\/snack-vendee\/#primaryimage\"},\"thumbnailUrl\":\"https:\/\/www.la-bretonniere.com\/wp-content\/uploads\/2023\/07\/snackl-camping-la-bretonniere-vendee.webp\",\"datePublished\":\"2023-08-24T12:26:20+00:00\",\"dateModified\":\"2025-04-09T07:18:14+00:00\",\"description\":\"Would you like to eat at your campsite in the Vend\u00e9e? La Bretonni\u00e8re campsite in Saint Julien des Landes has a snack bar for you to enjoy!\",\"breadcrumb\":{\"@id\":\"https:\/\/www.la-bretonniere.com\/en\/snack-vendee\/#breadcrumb\"},\"inLanguage\":\"en-US\",\"potentialAction\":[{\"@type\":\"ReadAction\",\"target\":[\"https:\/\/www.la-bretonniere.com\/en\/snack-vendee\/\"]}]},{\"@type\":\"ImageObject\",\"inLanguage\":\"en-US\",\"@id\":\"https:\/\/www.la-bretonniere.com\/en\/snack-vendee\/#primaryimage\",\"url\":\"https:\/\/www.la-bretonniere.com\/wp-content\/uploads\/2023\/07\/snackl-camping-la-bretonniere-vendee.webp\",\"contentUrl\":\"https:\/\/www.la-bretonniere.com\/wp-content\/uploads\/2023\/07\/snackl-camping-la-bretonniere-vendee.webp\",\"width\":1920,\"height\":450,\"caption\":\"snackl camping la bretonniere vendee\"},{\"@type\":\"BreadcrumbList\",\"@id\":\"https:\/\/www.la-bretonniere.com\/en\/snack-vendee\/#breadcrumb\",\"itemListElement\":[{\"@type\":\"ListItem\",\"position\":1,\"name\":\"Camping Vend\u00e9e\",\"item\":\"https:\/\/www.la-bretonniere.com\/en\/\"},{\"@type\":\"ListItem\",\"position\":2,\"name\":\"Snack bar in Vend\u00e9e\"}]},{\"@type\":\"WebSite\",\"@id\":\"https:\/\/www.la-bretonniere.com\/en\/#website\",\"url\":\"https:\/\/www.la-bretonniere.com\/en\/\",\"name\":\"Camping La Bretonni\u00e8re\",\"description\":\"\",\"publisher\":{\"@id\":\"https:\/\/www.la-bretonniere.com\/en\/#organization\"},\"potentialAction\":[{\"@type\":\"SearchAction\",\"target\":{\"@type\":\"EntryPoint\",\"urlTemplate\":\"https:\/\/www.la-bretonniere.com\/en\/?s={search_term_string}\"},\"query-input\":{\"@type\":\"PropertyValueSpecification\",\"valueRequired\":true,\"valueName\":\"search_term_string\"}}],\"inLanguage\":\"en-US\"},{\"@type\":\"Organization\",\"@id\":\"https:\/\/www.la-bretonniere.com\/en\/#organization\",\"name\":\"Camping La Bretonni\u00e8re\",\"url\":\"https:\/\/www.la-bretonniere.com\/en\/\",\"logo\":{\"@type\":\"ImageObject\",\"inLanguage\":\"en-US\",\"@id\":\"https:\/\/www.la-bretonniere.com\/en\/#\/schema\/logo\/image\/\",\"url\":\"https:\/\/www.la-bretonniere.com\/wp-content\/uploads\/2023\/06\/cropped-logo-camping-paradis-la-bretonniere.webp\",\"contentUrl\":\"https:\/\/www.la-bretonniere.com\/wp-content\/uploads\/2023\/06\/cropped-logo-camping-paradis-la-bretonniere.webp\",\"width\":700,\"height\":450,\"caption\":\"Camping La Bretonni\u00e8re\"},\"image\":{\"@id\":\"https:\/\/www.la-bretonniere.com\/en\/#\/schema\/logo\/image\/\"}}]}<\/script>\n<!-- \/ Yoast SEO plugin. -->","yoast_head_json":{"title":"Catering in Vend\u00e9e | Snack bar in Saint-Julien-des-Landes","description":"Would you like to eat at your campsite in the Vend\u00e9e? La Bretonni\u00e8re campsite in Saint Julien des Landes has a snack bar for you to enjoy!","robots":{"index":"index","follow":"follow","max-snippet":"max-snippet:-1","max-image-preview":"max-image-preview:large","max-video-preview":"max-video-preview:-1"},"canonical":"https:\/\/www.la-bretonniere.com\/en\/snack-vendee\/","og_locale":"en_US","og_type":"article","og_title":"Catering in Vend\u00e9e | Snack bar in Saint-Julien-des-Landes","og_description":"Would you like to eat at your campsite in the Vend\u00e9e? La Bretonni\u00e8re campsite in Saint Julien des Landes has a snack bar for you to enjoy!","og_url":"https:\/\/www.la-bretonniere.com\/en\/snack-vendee\/","og_site_name":"Camping La Bretonni\u00e8re","article_modified_time":"2025-04-09T07:18:14+00:00","og_image":[{"width":1920,"height":450,"url":"https:\/\/www.la-bretonniere.com\/wp-content\/uploads\/2023\/07\/snackl-camping-la-bretonniere-vendee.webp","type":"image\/webp"}],"twitter_card":"summary_large_image","twitter_misc":{"Est. reading time":"1 minute"},"schema":{"@context":"https:\/\/schema.org","@graph":[{"@type":"WebPage","@id":"https:\/\/www.la-bretonniere.com\/en\/snack-vendee\/","url":"https:\/\/www.la-bretonniere.com\/en\/snack-vendee\/","name":"Catering in Vend\u00e9e | Snack bar in Saint-Julien-des-Landes","isPartOf":{"@id":"https:\/\/www.la-bretonniere.com\/en\/#website"},"primaryImageOfPage":{"@id":"https:\/\/www.la-bretonniere.com\/en\/snack-vendee\/#primaryimage"},"image":{"@id":"https:\/\/www.la-bretonniere.com\/en\/snack-vendee\/#primaryimage"},"thumbnailUrl":"https:\/\/www.la-bretonniere.com\/wp-content\/uploads\/2023\/07\/snackl-camping-la-bretonniere-vendee.webp","datePublished":"2023-08-24T12:26:20+00:00","dateModified":"2025-04-09T07:18:14+00:00","description":"Would you like to eat at your campsite in the Vend\u00e9e? La Bretonni\u00e8re campsite in Saint Julien des Landes has a snack bar for you to enjoy!","breadcrumb":{"@id":"https:\/\/www.la-bretonniere.com\/en\/snack-vendee\/#breadcrumb"},"inLanguage":"en-US","potentialAction":[{"@type":"ReadAction","target":["https:\/\/www.la-bretonniere.com\/en\/snack-vendee\/"]}]},{"@type":"ImageObject","inLanguage":"en-US","@id":"https:\/\/www.la-bretonniere.com\/en\/snack-vendee\/#primaryimage","url":"https:\/\/www.la-bretonniere.com\/wp-content\/uploads\/2023\/07\/snackl-camping-la-bretonniere-vendee.webp","contentUrl":"https:\/\/www.la-bretonniere.com\/wp-content\/uploads\/2023\/07\/snackl-camping-la-bretonniere-vendee.webp","width":1920,"height":450,"caption":"snackl camping la bretonniere vendee"},{"@type":"BreadcrumbList","@id":"https:\/\/www.la-bretonniere.com\/en\/snack-vendee\/#breadcrumb","itemListElement":[{"@type":"ListItem","position":1,"name":"Camping Vend\u00e9e","item":"https:\/\/www.la-bretonniere.com\/en\/"},{"@type":"ListItem","position":2,"name":"Snack bar in Vend\u00e9e"}]},{"@type":"WebSite","@id":"https:\/\/www.la-bretonniere.com\/en\/#website","url":"https:\/\/www.la-bretonniere.com\/en\/","name":"Camping La Bretonni\u00e8re","description":"","publisher":{"@id":"https:\/\/www.la-bretonniere.com\/en\/#organization"},"potentialAction":[{"@type":"SearchAction","target":{"@type":"EntryPoint","urlTemplate":"https:\/\/www.la-bretonniere.com\/en\/?s={search_term_string}"},"query-input":{"@type":"PropertyValueSpecification","valueRequired":true,"valueName":"search_term_string"}}],"inLanguage":"en-US"},{"@type":"Organization","@id":"https:\/\/www.la-bretonniere.com\/en\/#organization","name":"Camping La Bretonni\u00e8re","url":"https:\/\/www.la-bretonniere.com\/en\/","logo":{"@type":"ImageObject","inLanguage":"en-US","@id":"https:\/\/www.la-bretonniere.com\/en\/#\/schema\/logo\/image\/","url":"https:\/\/www.la-bretonniere.com\/wp-content\/uploads\/2023\/06\/cropped-logo-camping-paradis-la-bretonniere.webp","contentUrl":"https:\/\/www.la-bretonniere.com\/wp-content\/uploads\/2023\/06\/cropped-logo-camping-paradis-la-bretonniere.webp","width":700,"height":450,"caption":"Camping La Bretonni\u00e8re"},"image":{"@id":"https:\/\/www.la-bretonniere.com\/en\/#\/schema\/logo\/image\/"}}]}},"_links":{"self":[{"href":"https:\/\/www.la-bretonniere.com\/en\/wp-json\/wp\/v2\/pages\/4858","targetHints":{"allow":["GET"]}}],"collection":[{"href":"https:\/\/www.la-bretonniere.com\/en\/wp-json\/wp\/v2\/pages"}],"about":[{"href":"https:\/\/www.la-bretonniere.com\/en\/wp-json\/wp\/v2\/types\/page"}],"author":[{"embeddable":true,"href":"https:\/\/www.la-bretonniere.com\/en\/wp-json\/wp\/v2\/users\/1"}],"replies":[{"embeddable":true,"href":"https:\/\/www.la-bretonniere.com\/en\/wp-json\/wp\/v2\/comments?post=4858"}],"version-history":[{"count":3,"href":"https:\/\/www.la-bretonniere.com\/en\/wp-json\/wp\/v2\/pages\/4858\/revisions"}],"predecessor-version":[{"id":7153,"href":"https:\/\/www.la-bretonniere.com\/en\/wp-json\/wp\/v2\/pages\/4858\/revisions\/7153"}],"wp:featuredmedia":[{"embeddable":true,"href":"https:\/\/www.la-bretonniere.com\/en\/wp-json\/wp\/v2\/media\/4136"}],"wp:attachment":[{"href":"https:\/\/www.la-bretonniere.com\/en\/wp-json\/wp\/v2\/media?parent=4858"}],"wp:term":[{"taxonomy":"sujet","embeddable":true,"href":"https:\/\/www.la-bretonniere.com\/en\/wp-json\/wp\/v2\/sujet?post=4858"}],"curies":[{"name":"wp","href":"https:\/\/api.w.org\/{rel}","templated":true}]}}